{"id":326,"date":"2026-05-08T15:22:56","date_gmt":"2026-05-08T13:22:56","guid":{"rendered":"https:\/\/profiforditas.rk-sandbox.hu\/?page_id=326"},"modified":"2026-05-08T15:23:53","modified_gmt":"2026-05-08T13:23:53","slug":"nehany-fontos-erv-mellettunk-szamokban","status":"publish","type":"page","link":"https:\/\/profiforditas.rk-sandbox.hu\/en\/nehany-fontos-erv-mellettunk-szamokban\/","title":{"rendered":"N\u00e9h\u00e1ny fontos \u00e9rv mellett\u00fcnk &#8211; sz\u00e1mokban!"},"content":{"rendered":"<div data-elementor-type=\"wp-page\" data-elementor-id=\"326\" class=\"elementor elementor-326\" data-elementor-post-type=\"page\">\n\t\t\t\t<div class=\"elementor-element elementor-element-6af6453 e-flex e-con-boxed e-con e-parent\" data-id=\"6af6453\" data-element_type=\"container\" data-e-type=\"container\">\n\t\t\t\t\t<div class=\"e-con-inner\">\n\t\t\t\t<div class=\"elementor-element elementor-element-4551a70 elementor-widget elementor-widget-heading\" data-id=\"4551a70\" data-element_type=\"widget\" data-e-type=\"widget\" data-widget_type=\"heading.default\">\n\t\t\t\t\t<h3 class=\"elementor-heading-title elementor-size-default\">Do you need a reliable and flexible translation agency?<\/h3>\t\t\t\t<\/div>\n\t\t\t\t<div class=\"elementor-element elementor-element-1cc18ea elementor-widget elementor-widget-text-editor\" data-id=\"1cc18ea\" data-element_type=\"widget\" data-e-type=\"widget\" data-widget_type=\"text-editor.default\">\n\t\t\t\t\t\t\t\t\t<p>Kik v\u00e9gzik a ford\u00edt\u00e1sokat? Mennyibe ker\u00fcl a ford\u00edt\u00e1s? Mennyi id\u0151 sz\u00fcks\u00e9ges a ford\u00edt\u00e1sra? Megv\u00e1laszoljuk a k\u00e9rd\u00e9seket!<\/p>\t\t\t\t\t\t\t\t<\/div>\n\t\t\t\t<div class=\"elementor-element elementor-element-a19df92 elementor-widget elementor-widget-text-editor\" data-id=\"a19df92\" data-element_type=\"widget\" data-e-type=\"widget\" data-widget_type=\"text-editor.default\">\n\t\t\t\t\t\t\t\t\t<p><img decoding=\"async\" src=\"https:\/\/www.profiforditas.hu\/_data\/VFS_311b4f8fb919aa09093d1244b9141497.png\" alt=\"ford\u00edt\u00e1s\" width=\"16\" height=\"16\" \/>\u00a0\u00d6sszefoglaltuk azokat a k\u00e9rd\u00e9seket, &#8211; \u00e9s a v\u00e1laszokat &#8211; amik a leggyakrabban felmer\u00fclnek egy ford\u00edt\u00e1si ig\u00e9ny eset\u00e9n. Amennyiben a lentieken t\u00fal tov\u00e1bbi inform\u00e1ci\u00f3kra van sz\u00fcks\u00e9ge, forduljon\u00a0<a href=\"https:\/\/www.profiforditas.hu\/content\/hu\/kapcsolat.html\">\u00fcgyf\u00e9lszolg\u00e1latunk<\/a>hoz bizalommal!<\/p><h3>Kik v\u00e9gzik a ford\u00edt\u00e1sokat? \/\u00a0 Mi a ford\u00edt\u00f3 iroda munkam\u00f3dszere?<\/h3><p class=\"translation-block\">As we are familiar with and utilize all typical properties of our colleagues, we are able to select the most suitable staff for your text to be translated.\nOur colleagues involved in the translations are professionals in the given foreign language, with several years of experience in translation and interpretation. Based on their basic qualifications, life experience, personal field of interest and affinity, the translations are classified in groups, thus your text to be translated is forwarded to an expert of the given topic.<\/p><h3>Which document formats can we translate?<\/h3><p>Our translation agency undertakes to translate files in any format, of any type, typed or edited. If we receive the document to be translated in a non-editable format, we prepare the translation as a so called loan translation, which means that the translated text will have a same layout as the original document.<\/p><h3>Would like to know how much is the expected price of the translation? Get a quote:<\/h3><p class=\"translation-block\">Send an email to our translation agency at <a href=\"mailto:megrendeles@forditas.hu\" target=\"_self\">megrendeles@forditas.hu\n<\/a>, attaching the text to be translated.<br>We are available to our clients 12 hours a day, and our colleagues respond to translation requests with a specific quote within 1 hour.<\/p><h3>How much time is needed for the translation?<\/h3><p class=\"translation-block\">A ford\u00edt\u00e1s id\u0151ig\u00e9ny\u00e9t nagym\u00e9rt\u00e9kben befoly\u00e1solja, a sz\u00f6veg jellege, specialit\u00e1sa, szakmais\u00e1ga. A gyakorlati tapasztalatok alapj\u00e1n elmondhat\u00f3, hogy egy \u00e1ltal\u00e1nos eur\u00f3pai sz\u00f6vegb\u0151l munkanaponk\u00e9nt egy ford\u00edt\u00f3 10-12ezer karaktert k\u00e9pes leford\u00edtani, de az adott ford\u00edt\u00e1s gyakorlati jellemz\u0151it b\u0151vebben a Nyelvek men\u00fcpontban a kiv\u00e1lasztott idegen nyelvn\u00e9l tal\u00e1lja. Amennyiben egy adott ford\u00edtand\u00f3 sz\u00f6veg v\u00e1rhat\u00f3 ford\u00edt\u00e1si idej\u00e9t szeretn\u00e9 megtudni, irod\u00e1nk a sz\u00f6veg megtekint\u00e9se ut\u00e1n erre is konkr\u00e9t aj\u00e1nlatot ad.<br><br>Hogyan lehet r\u00f6vid\u00edteni a ford\u00edt\u00e1s id\u0151ig\u00e9ny\u00e9t? A megold\u00e1s, hogy amennyiben a sz\u00f6veg t\u00edpusa \u00e9s a lehet\u0151s\u00e9gek megengedik, a ford\u00edt\u00e1st egyszerre t\u00f6bb ford\u00edt\u00f3 tudja v\u00e9gezni a sz\u00f6veg feloszt\u00e1s\u00e1val, an\u00e9lk\u00fcl, hogy a k\u00e9sz ford\u00edt\u00e1s homogenit\u00e1sa csorb\u00e1t szenvedne. Hangs\u00falyozand\u00f3 azonban, hogy egyedi sz\u00f3kincs\u0171, speci\u00e1lis sz\u00f6vegek est\u00e9ben ez a m\u00f3dszer nem aj\u00e1nlott.<\/p><h3>How can you place an order for the translation?<\/h3><p class=\"translation-block\">Simply: Send an email to our translation agency at megrendeles@forditas.hu\n.<br>The order must include:<br>\u2013 the client\u2019s name, address, and telephone contact details<br>\u2013 the billing address, postal address, bank account number, and tax number<br>and, of course, the text to be translated.<\/p><h3>Official translation or authentic translation?<\/h3><p>Upon the relevant request of our clients, our translation agency undertakes to add an official certification clause to the finished translations. Nowadays several Hungarian, respectively, foreign institutions ask for official translations, e.g. in case of certificates, contracts, birth certificates, work abroad, or requests for family allowances abroad, etc.<br \/><br \/>In case of official translations, we certify by a certification clause (cover page) in English or Hungarian language that the given translation is fully identical to the original source-language copy, with respect to its content and form. An official translation consists of 3 parts: a cover page in Hungarian or English language (depending on the country in which the translation will be used), the translation itself and the original text in the source language, all these stapled with a thread bearing the colours of the national flag, with a round stamp and the authorized signature of our translation agency, together with an official English seal (official translation).<br \/><br \/>Attention! Official translation is not the same as authentic translation.<br \/><br \/>We would like to draw the attention of our clients to the fact that official translations are not the same with authentic translations, as - pursuant to the current legislation - in Hungary only the Hungarian Office for Translation and Attestation Ltd. (OFFI) is eligible to issue authentic translations (according to Section 5 of Decree No. 24\/1986 (VI.26.) of the Council of Ministers on translation and interpretation ) .<br \/><br \/>In case a translation of an official document (certificate, maturity certificate, legal documents, bank statements, etc.) is necessary for a Hungarian authority, organisation or institution, we suggest our clients to inquire whether a state-certified AUTHENTIC translation is needed, or an OFFICIAL one, for the certificate of compliance. In the first case, in Hungary only OFFI is eligible to authenticate the translation, otherwise we can prepare, proofread and certify the translation, too. However, abroad the certification by other Hungarian translation agencies is accepted, too; e.g. in case of employment-related documents, tender documents, birth certificates, contracts and agreements, certificates, legal documents, etc.<\/p><p>The fee of an official translation is the translation fee + 30%.\u00a0<\/p><h3>How do you receive the finished translation?<\/h3><p>According to you request, our translation agency forwards you the translated document by e-mail or by post.<\/p><h3>Payment terms:<\/h3><p>Our company considers the day on which the completed translation was sent as the value date of performance. The payment deadline of the invoice on the translation fee is normally 8 calendar days. We send the invoice by post to the address indicated in the order.<\/p><h3>How long do we keep the translation?<\/h3><p>Our translation agency stores the prepared translations electronically for 1 year, which means that it is possible to request another copy of it or refer to it during this period. If you have different requirements, please inform us about it latest when the translation is finished.<\/p><h3>Confidentiality<\/h3><p class=\"translation-block\">Translation is a work of trust, to which we pay a special attention in the working relationship with our clients. Our company considers confidentiality and secrecy essential, and it is respected also by our administrative associates, translators and interpreters.\nThe ethics of translation obliges translators to keep the processed documents confidential. After the completion of the translation task, no knowledge, professional secrets or information, obtained by our colleagues can be disclosed to any third party or used for their own purposes.<\/p>\t\t\t\t\t\t\t\t<\/div>\n\t\t\t\t\t<\/div>\n\t\t\t\t<\/div>\n\t\t\t\t<\/div>","protected":false},"excerpt":{"rendered":"<p>Megb\u00edzhat\u00f3, rugalmas ford\u00edt\u00f3 irod\u00e1ra van sz\u00fcks\u00e9ge? Kik v\u00e9gzik a ford\u00edt\u00e1sokat? Mennyibe ker\u00fcl a ford\u00edt\u00e1s? Mennyi id\u0151 sz\u00fcks\u00e9ges a ford\u00edt\u00e1sra? Megv\u00e1laszoljuk [&hellip;]<\/p>\n","protected":false},"author":1,"featured_media":0,"parent":0,"menu_order":0,"comment_status":"closed","ping_status":"closed","template":"","meta":{"_acf_changed":false,"site-sidebar-layout":"no-sidebar","site-content-layout":"","ast-site-content-layout":"full-width-container","site-content-style":"default","site-sidebar-style":"default","ast-global-header-display":"","ast-banner-title-visibility":"","ast-main-header-display":"","ast-hfb-above-header-display":"","ast-hfb-below-header-display":"","ast-hfb-mobile-header-display":"","site-post-title":"disabled","ast-breadcrumbs-content":"","ast-featured-img":"disabled","footer-sml-layout":"","ast-disable-related-posts":"","theme-transparent-header-meta":"","adv-header-id-meta":"","stick-header-meta":"","header-above-stick-meta":"","header-main-stick-meta":"","header-below-stick-meta":"","astra-migrate-meta-layouts":"default","ast-page-background-enabled":"default","ast-page-background-meta":{"desktop":{"background-color":"var(--ast-global-color-5)","background-image":"","background-repeat":"repeat","background-position":"center center","background-size":"auto","background-attachment":"scroll","background-type":"","background-media":"","overlay-type":"","overlay-color":"","overlay-opacity":"","overlay-gradient":""},"tablet":{"background-color":"","background-image":"","background-repeat":"repeat","background-position":"center center","background-size":"auto","background-attachment":"scroll","background-type":"","background-media":"","overlay-type":"","overlay-color":"","overlay-opacity":"","overlay-gradient":""},"mobile":{"background-color":"","background-image":"","background-repeat":"repeat","background-position":"center center","background-size":"auto","background-attachment":"scroll","background-type":"","background-media":"","overlay-type":"","overlay-color":"","overlay-opacity":"","overlay-gradient":""}},"ast-content-background-meta":{"desktop":{"background-color":"var(--ast-global-color-4)","background-image":"","background-repeat":"repeat","background-position":"center center","background-size":"auto","background-attachment":"scroll","background-type":"","background-media":"","overlay-type":"","overlay-color":"","overlay-opacity":"","overlay-gradient":""},"tablet":{"background-color":"var(--ast-global-color-4)","background-image":"","background-repeat":"repeat","background-position":"center center","background-size":"auto","background-attachment":"scroll","background-type":"","background-media":"","overlay-type":"","overlay-color":"","overlay-opacity":"","overlay-gradient":""},"mobile":{"background-color":"var(--ast-global-color-4)","background-image":"","background-repeat":"repeat","background-position":"center center","background-size":"auto","background-attachment":"scroll","background-type":"","background-media":"","overlay-type":"","overlay-color":"","overlay-opacity":"","overlay-gradient":""}},"footnotes":""},"class_list":["post-326","page","type-page","status-publish","hentry"],"acf":[],"yoast_head":"<!-- This site is optimized with the Yoast SEO Premium plugin v27.5 (Yoast SEO v27.5) - https:\/\/yoast.com\/product\/yoast-seo-premium-wordpress\/ -->\n<title>N\u00e9h\u00e1ny fontos \u00e9rv mellett\u00fcnk - sz\u00e1mokban! - Ford\u00edt\u00f3 iroda<\/title>\n<meta name=\"robots\" content=\"noindex, follow, max-snippet:-1, max-image-preview:large, max-video-preview:-1\" \/>\n<meta property=\"og:locale\" content=\"en_GB\" \/>\n<meta property=\"og:type\" content=\"article\" \/>\n<meta property=\"og:title\" content=\"N\u00e9h\u00e1ny fontos \u00e9rv mellett\u00fcnk - sz\u00e1mokban!\" \/>\n<meta property=\"og:description\" content=\"Megb\u00edzhat\u00f3, rugalmas ford\u00edt\u00f3 irod\u00e1ra van sz\u00fcks\u00e9ge? Kik v\u00e9gzik a ford\u00edt\u00e1sokat? Mennyibe ker\u00fcl a ford\u00edt\u00e1s? Mennyi id\u0151 sz\u00fcks\u00e9ges a ford\u00edt\u00e1sra? Megv\u00e1laszoljuk [&hellip;]\" \/>\n<meta property=\"og:url\" content=\"https:\/\/profiforditas.rk-sandbox.hu\/en\/nehany-fontos-erv-mellettunk-szamokban\/\" \/>\n<meta property=\"og:site_name\" content=\"Ford\u00edt\u00f3 iroda\" \/>\n<meta property=\"article:modified_time\" content=\"2026-05-08T13:23:53+00:00\" \/>\n<meta property=\"og:image\" content=\"https:\/\/www.profiforditas.hu\/_data\/VFS_311b4f8fb919aa09093d1244b9141497.png\" \/>\n<meta name=\"twitter:card\" content=\"summary_large_image\" \/>\n<meta name=\"twitter:label1\" content=\"Estimated reading time\" \/>\n\t<meta name=\"twitter:data1\" content=\"7 minutes\" \/>\n<script type=\"application\/ld+json\" class=\"yoast-schema-graph\">{\"@context\":\"https:\\\/\\\/schema.org\",\"@graph\":[{\"@type\":\"WebPage\",\"@id\":\"https:\\\/\\\/profiforditas.rk-sandbox.hu\\\/nehany-fontos-erv-mellettunk-szamokban\\\/\",\"url\":\"https:\\\/\\\/profiforditas.rk-sandbox.hu\\\/nehany-fontos-erv-mellettunk-szamokban\\\/\",\"name\":\"N\u00e9h\u00e1ny fontos \u00e9rv mellett\u00fcnk - sz\u00e1mokban! - Ford\u00edt\u00f3 iroda\",\"isPartOf\":{\"@id\":\"https:\\\/\\\/profiforditas.rk-sandbox.hu\\\/#website\"},\"primaryImageOfPage\":{\"@id\":\"https:\\\/\\\/profiforditas.rk-sandbox.hu\\\/nehany-fontos-erv-mellettunk-szamokban\\\/#primaryimage\"},\"image\":{\"@id\":\"https:\\\/\\\/profiforditas.rk-sandbox.hu\\\/nehany-fontos-erv-mellettunk-szamokban\\\/#primaryimage\"},\"thumbnailUrl\":\"https:\\\/\\\/www.profiforditas.hu\\\/_data\\\/VFS_311b4f8fb919aa09093d1244b9141497.png\",\"datePublished\":\"2026-05-08T13:22:56+00:00\",\"dateModified\":\"2026-05-08T13:23:53+00:00\",\"breadcrumb\":{\"@id\":\"https:\\\/\\\/profiforditas.rk-sandbox.hu\\\/nehany-fontos-erv-mellettunk-szamokban\\\/#breadcrumb\"},\"inLanguage\":\"en-GB\",\"potentialAction\":[{\"@type\":\"ReadAction\",\"target\":[\"https:\\\/\\\/profiforditas.rk-sandbox.hu\\\/nehany-fontos-erv-mellettunk-szamokban\\\/\"]}]},{\"@type\":\"ImageObject\",\"inLanguage\":\"en-GB\",\"@id\":\"https:\\\/\\\/profiforditas.rk-sandbox.hu\\\/nehany-fontos-erv-mellettunk-szamokban\\\/#primaryimage\",\"url\":\"https:\\\/\\\/www.profiforditas.hu\\\/_data\\\/VFS_311b4f8fb919aa09093d1244b9141497.png\",\"contentUrl\":\"https:\\\/\\\/www.profiforditas.hu\\\/_data\\\/VFS_311b4f8fb919aa09093d1244b9141497.png\"},{\"@type\":\"BreadcrumbList\",\"@id\":\"https:\\\/\\\/profiforditas.rk-sandbox.hu\\\/nehany-fontos-erv-mellettunk-szamokban\\\/#breadcrumb\",\"itemListElement\":[{\"@type\":\"ListItem\",\"position\":1,\"name\":\"Kezd\u0151lap\",\"item\":\"https:\\\/\\\/profiforditas.rk-sandbox.hu\\\/\"},{\"@type\":\"ListItem\",\"position\":2,\"name\":\"N\u00e9h\u00e1ny fontos \u00e9rv mellett\u00fcnk &#8211; sz\u00e1mokban!\"}]},{\"@type\":\"WebSite\",\"@id\":\"https:\\\/\\\/profiforditas.rk-sandbox.hu\\\/#website\",\"url\":\"https:\\\/\\\/profiforditas.rk-sandbox.hu\\\/\",\"name\":\"Ford\u00edt\u00f3 iroda\",\"description\":\"Profi ford\u00edt\u00e1sok gyorsan \u00e9s egyszer\u0171en!\",\"publisher\":{\"@id\":\"https:\\\/\\\/profiforditas.rk-sandbox.hu\\\/#organization\"},\"potentialAction\":[{\"@type\":\"SearchAction\",\"target\":{\"@type\":\"EntryPoint\",\"urlTemplate\":\"https:\\\/\\\/profiforditas.rk-sandbox.hu\\\/?s={search_term_string}\"},\"query-input\":{\"@type\":\"PropertyValueSpecification\",\"valueRequired\":true,\"valueName\":\"search_term_string\"}}],\"inLanguage\":\"en-GB\"},{\"@type\":\"Organization\",\"@id\":\"https:\\\/\\\/profiforditas.rk-sandbox.hu\\\/#organization\",\"name\":\"Ford\u00edt\u00f3 iroda\",\"url\":\"https:\\\/\\\/profiforditas.rk-sandbox.hu\\\/\",\"logo\":{\"@type\":\"ImageObject\",\"inLanguage\":\"en-GB\",\"@id\":\"https:\\\/\\\/profiforditas.rk-sandbox.hu\\\/#\\\/schema\\\/logo\\\/image\\\/\",\"url\":\"https:\\\/\\\/profiforditas.rk-sandbox.hu\\\/wp-content\\\/uploads\\\/2026\\\/05\\\/logo-1.webp\",\"contentUrl\":\"https:\\\/\\\/profiforditas.rk-sandbox.hu\\\/wp-content\\\/uploads\\\/2026\\\/05\\\/logo-1.webp\",\"width\":800,\"height\":177,\"caption\":\"Ford\u00edt\u00f3 iroda\"},\"image\":{\"@id\":\"https:\\\/\\\/profiforditas.rk-sandbox.hu\\\/#\\\/schema\\\/logo\\\/image\\\/\"}}]}<\/script>\n<!-- \/ Yoast SEO Premium plugin. -->","yoast_head_json":{"title":"N\u00e9h\u00e1ny fontos \u00e9rv mellett\u00fcnk - sz\u00e1mokban! - Ford\u00edt\u00f3 iroda","robots":{"index":"noindex","follow":"follow","max-snippet":"max-snippet:-1","max-image-preview":"max-image-preview:large","max-video-preview":"max-video-preview:-1"},"og_locale":"en_GB","og_type":"article","og_title":"N\u00e9h\u00e1ny fontos \u00e9rv mellett\u00fcnk - sz\u00e1mokban!","og_description":"Megb\u00edzhat\u00f3, rugalmas ford\u00edt\u00f3 irod\u00e1ra van sz\u00fcks\u00e9ge? Kik v\u00e9gzik a ford\u00edt\u00e1sokat? Mennyibe ker\u00fcl a ford\u00edt\u00e1s? Mennyi id\u0151 sz\u00fcks\u00e9ges a ford\u00edt\u00e1sra? Megv\u00e1laszoljuk [&hellip;]","og_url":"https:\/\/profiforditas.rk-sandbox.hu\/en\/nehany-fontos-erv-mellettunk-szamokban\/","og_site_name":"Ford\u00edt\u00f3 iroda","article_modified_time":"2026-05-08T13:23:53+00:00","og_image":[{"url":"https:\/\/www.profiforditas.hu\/_data\/VFS_311b4f8fb919aa09093d1244b9141497.png","type":"","width":"","height":""}],"twitter_card":"summary_large_image","twitter_misc":{"Estimated reading time":"7 minutes"},"schema":{"@context":"https:\/\/schema.org","@graph":[{"@type":"WebPage","@id":"https:\/\/profiforditas.rk-sandbox.hu\/nehany-fontos-erv-mellettunk-szamokban\/","url":"https:\/\/profiforditas.rk-sandbox.hu\/nehany-fontos-erv-mellettunk-szamokban\/","name":"N\u00e9h\u00e1ny fontos \u00e9rv mellett\u00fcnk - sz\u00e1mokban! - Ford\u00edt\u00f3 iroda","isPartOf":{"@id":"https:\/\/profiforditas.rk-sandbox.hu\/#website"},"primaryImageOfPage":{"@id":"https:\/\/profiforditas.rk-sandbox.hu\/nehany-fontos-erv-mellettunk-szamokban\/#primaryimage"},"image":{"@id":"https:\/\/profiforditas.rk-sandbox.hu\/nehany-fontos-erv-mellettunk-szamokban\/#primaryimage"},"thumbnailUrl":"https:\/\/www.profiforditas.hu\/_data\/VFS_311b4f8fb919aa09093d1244b9141497.png","datePublished":"2026-05-08T13:22:56+00:00","dateModified":"2026-05-08T13:23:53+00:00","breadcrumb":{"@id":"https:\/\/profiforditas.rk-sandbox.hu\/nehany-fontos-erv-mellettunk-szamokban\/#breadcrumb"},"inLanguage":"en-GB","potentialAction":[{"@type":"ReadAction","target":["https:\/\/profiforditas.rk-sandbox.hu\/nehany-fontos-erv-mellettunk-szamokban\/"]}]},{"@type":"ImageObject","inLanguage":"en-GB","@id":"https:\/\/profiforditas.rk-sandbox.hu\/nehany-fontos-erv-mellettunk-szamokban\/#primaryimage","url":"https:\/\/www.profiforditas.hu\/_data\/VFS_311b4f8fb919aa09093d1244b9141497.png","contentUrl":"https:\/\/www.profiforditas.hu\/_data\/VFS_311b4f8fb919aa09093d1244b9141497.png"},{"@type":"BreadcrumbList","@id":"https:\/\/profiforditas.rk-sandbox.hu\/nehany-fontos-erv-mellettunk-szamokban\/#breadcrumb","itemListElement":[{"@type":"ListItem","position":1,"name":"Kezd\u0151lap","item":"https:\/\/profiforditas.rk-sandbox.hu\/"},{"@type":"ListItem","position":2,"name":"N\u00e9h\u00e1ny fontos \u00e9rv mellett\u00fcnk &#8211; sz\u00e1mokban!"}]},{"@type":"WebSite","@id":"https:\/\/profiforditas.rk-sandbox.hu\/#website","url":"https:\/\/profiforditas.rk-sandbox.hu\/","name":"Ford\u00edt\u00f3 iroda","description":"Profi ford\u00edt\u00e1sok gyorsan \u00e9s egyszer\u0171en!","publisher":{"@id":"https:\/\/profiforditas.rk-sandbox.hu\/#organization"},"potentialAction":[{"@type":"SearchAction","target":{"@type":"EntryPoint","urlTemplate":"https:\/\/profiforditas.rk-sandbox.hu\/?s={search_term_string}"},"query-input":{"@type":"PropertyValueSpecification","valueRequired":true,"valueName":"search_term_string"}}],"inLanguage":"en-GB"},{"@type":"Organization","@id":"https:\/\/profiforditas.rk-sandbox.hu\/#organization","name":"Ford\u00edt\u00f3 iroda","url":"https:\/\/profiforditas.rk-sandbox.hu\/","logo":{"@type":"ImageObject","inLanguage":"en-GB","@id":"https:\/\/profiforditas.rk-sandbox.hu\/#\/schema\/logo\/image\/","url":"https:\/\/profiforditas.rk-sandbox.hu\/wp-content\/uploads\/2026\/05\/logo-1.webp","contentUrl":"https:\/\/profiforditas.rk-sandbox.hu\/wp-content\/uploads\/2026\/05\/logo-1.webp","width":800,"height":177,"caption":"Ford\u00edt\u00f3 iroda"},"image":{"@id":"https:\/\/profiforditas.rk-sandbox.hu\/#\/schema\/logo\/image\/"}}]}},"_links":{"self":[{"href":"https:\/\/profiforditas.rk-sandbox.hu\/en\/wp-json\/wp\/v2\/pages\/326","targetHints":{"allow":["GET"]}}],"collection":[{"href":"https:\/\/profiforditas.rk-sandbox.hu\/en\/wp-json\/wp\/v2\/pages"}],"about":[{"href":"https:\/\/profiforditas.rk-sandbox.hu\/en\/wp-json\/wp\/v2\/types\/page"}],"author":[{"embeddable":true,"href":"https:\/\/profiforditas.rk-sandbox.hu\/en\/wp-json\/wp\/v2\/users\/1"}],"replies":[{"embeddable":true,"href":"https:\/\/profiforditas.rk-sandbox.hu\/en\/wp-json\/wp\/v2\/comments?post=326"}],"version-history":[{"count":4,"href":"https:\/\/profiforditas.rk-sandbox.hu\/en\/wp-json\/wp\/v2\/pages\/326\/revisions"}],"predecessor-version":[{"id":333,"href":"https:\/\/profiforditas.rk-sandbox.hu\/en\/wp-json\/wp\/v2\/pages\/326\/revisions\/333"}],"wp:attachment":[{"href":"https:\/\/profiforditas.rk-sandbox.hu\/en\/wp-json\/wp\/v2\/media?parent=326"}],"curies":[{"name":"wp","href":"https:\/\/api.w.org\/{rel}","templated":true}]}}