{"id":282,"date":"2026-05-08T15:12:19","date_gmt":"2026-05-08T13:12:19","guid":{"rendered":"https:\/\/profiforditas.rk-sandbox.hu\/?page_id=282"},"modified":"2026-05-11T14:39:05","modified_gmt":"2026-05-11T12:39:05","slug":"tolmacsolas","status":"publish","type":"page","link":"https:\/\/profiforditas.rk-sandbox.hu\/en\/tolmacsolas\/","title":{"rendered":"Interpretation activities"},"content":{"rendered":"<div data-elementor-type=\"wp-page\" data-elementor-id=\"282\" class=\"elementor elementor-282\" data-elementor-post-type=\"page\">\n\t\t\t\t<div class=\"elementor-element elementor-element-4921cee e-flex e-con-boxed e-con e-parent\" data-id=\"4921cee\" data-element_type=\"container\" data-e-type=\"container\" data-settings=\"{&quot;background_background&quot;:&quot;gradient&quot;}\">\n\t\t\t\t\t<div class=\"e-con-inner\">\n\t\t<div class=\"elementor-element elementor-element-44c2cb8 e-con-full e-flex e-con e-child\" data-id=\"44c2cb8\" data-element_type=\"container\" data-e-type=\"container\">\n\t\t\t\t<div class=\"elementor-element elementor-element-8f6c340 elementor-widget elementor-widget-image\" data-id=\"8f6c340\" data-element_type=\"widget\" data-e-type=\"widget\" data-widget_type=\"image.default\">\n\t\t\t\t\t\t\t\t\t\t\t\t\t\t\t<img fetchpriority=\"high\" decoding=\"async\" width=\"400\" height=\"254\" src=\"https:\/\/profiforditas.rk-sandbox.hu\/wp-content\/uploads\/2026\/05\/english-hero.webp\" class=\"attachment-large size-large wp-image-441\" alt=\"\" \/>\t\t\t\t\t\t\t\t\t\t\t\t\t\t\t<\/div>\n\t\t\t\t<\/div>\n\t\t<div class=\"elementor-element elementor-element-3a03554 e-con-full e-flex e-con e-child\" data-id=\"3a03554\" data-element_type=\"container\" data-e-type=\"container\">\n\t\t\t\t<div class=\"elementor-element elementor-element-5c46907 elementor-widget elementor-widget-heading\" data-id=\"5c46907\" data-element_type=\"widget\" data-e-type=\"widget\" data-widget_type=\"heading.default\">\n\t\t\t\t\t<h1 class=\"elementor-heading-title elementor-size-default\">Interpretation activities<\/h1>\t\t\t\t<\/div>\n\t\t\t\t<div class=\"elementor-element elementor-element-4c23b42 elementor-widget elementor-widget-text-editor\" data-id=\"4c23b42\" data-element_type=\"widget\" data-e-type=\"widget\" data-widget_type=\"text-editor.default\">\n\t\t\t\t\t\t\t\t\t<p>It is worth to translate not only the words but also the thoughts during the interpretation process. Avoid embarrassing situations and assign interpretation to a real expert!<\/p>\t\t\t\t\t\t\t\t<\/div>\n\t\t\t\t<\/div>\n\t\t\t\t\t<\/div>\n\t\t\t\t<\/div>\n\t\t<div class=\"elementor-element elementor-element-3325e02 e-flex e-con-boxed e-con e-parent\" data-id=\"3325e02\" data-element_type=\"container\" data-e-type=\"container\">\n\t\t\t\t\t<div class=\"e-con-inner\">\n\t\t\t\t<div class=\"elementor-element elementor-element-be2ebb5 elementor-widget elementor-widget-heading\" data-id=\"be2ebb5\" data-element_type=\"widget\" data-e-type=\"widget\" data-widget_type=\"heading.default\">\n\t\t\t\t\t<h3 class=\"elementor-heading-title elementor-size-default\">Interpretation types undertaken by us<\/h3>\t\t\t\t<\/div>\n\t\t\t\t<div class=\"elementor-element elementor-element-4900f6a elementor-widget elementor-widget-text-editor\" data-id=\"4900f6a\" data-element_type=\"widget\" data-e-type=\"widget\" data-widget_type=\"text-editor.default\">\n\t\t\t\t\t\t\t\t\tBe it about accompanying interpretation, consecutive interpretation or even simultaneous (synchronous) interpretation, we are at your disposal!\t\t\t\t\t\t\t\t<\/div>\n\t\t\t\t<div class=\"elementor-element elementor-element-6f1b296 elementor-widget elementor-widget-text-editor\" data-id=\"6f1b296\" data-element_type=\"widget\" data-e-type=\"widget\" data-widget_type=\"text-editor.default\">\n\t\t\t\t\t\t\t\t\t<p>We can provide interpreters following a preliminary consultation one week prior to the planned date of interpretation. During the telephone consultation, please specify the given field in this the interpretation is going to take place, in order to be able to select a colleague who has the greatest professional experience in the given field.<\/p><h3>Accompanying interpretation<\/h3><p>The simplest interpretation. As it is shown by the term, in this case the interpreter accompanies the smaller or larger group which does not speak the language of the country, and he resolves the interpretation tasks usually in different locations and frequently with different partners. It is characterized by a relaxed, informal atmosphere. During an accompanying translation, the interpreter works in business meetings, informal meetings for a relatively small number of listeners, furthermore, he accompanies them during the visits of shops, factories, trade fairs or other events.<\/p><h3>Consecutive interpretation<\/h3><p class=\"translation-block\">The work \u201cconsecutive\u201d is of Latin origin, meaning \u201cone following the other\u201d. In such case the interpreter translates the words of the speaker to another language after the speaker finished their speech, or hold a pause. Consecutive interpretation is applied usually in conferences, events or exhibitions, but it can be useful also in negotiations and meetings. Given the nature of the dialogue, here the so called short-section consecutive interpretation is the most effective version.<\/p><h3>Simultaneous (synchronous) interpretation<\/h3><p>It is the most demanding version of interpretation with the highest professional requirements for the interpreter. During simultaneous interpretation, the interpreter usually sits in a closed cabin, listens to the speech of the speaker via headphones and says the translation into a microphone, almost simultaneously with the original text, which means significant time savings. It provides an excellent solution mostly in multilingual conferences, professional events, furthermore, trainings, shows or multinational corporate environment.<\/p><p><br \/><img decoding=\"async\" src=\"https:\/\/www.profiforditas.hu\/_data\/VFS_311b4f8fb919aa09093d1244b9141497.png\" alt=\"tolm\u00e1csol\u00e1s\" width=\"16\" height=\"16\" \/>\u00a0For the duration of the order, the interpreter becomes your confidant. Everyone tries to select carefully their trusted colleagues. Not only the words but also the thoughts must be translated during the interpretation process. Avoid embarrassing situations and assign interpretation to a real expert!<\/p>\t\t\t\t\t\t\t\t<\/div>\n\t\t\t\t\t<\/div>\n\t\t\t\t<\/div>\n\t\t\t\t<\/div>","protected":false},"excerpt":{"rendered":"<p>Tolm\u00e1csol\u00e1s Nem csak a szavait, hanem a gondolatait is \u00e9rdemes \u00e1tadni a tolm\u00e1csol\u00e1s sor\u00e1n! Ker\u00fclje el a k\u00ednos helyzeteket \u00e9s [&hellip;]<\/p>\n","protected":false},"author":1,"featured_media":0,"parent":0,"menu_order":0,"comment_status":"closed","ping_status":"closed","template":"","meta":{"_acf_changed":false,"site-sidebar-layout":"no-sidebar","site-content-layout":"","ast-site-content-layout":"full-width-container","site-content-style":"default","site-sidebar-style":"default","ast-global-header-display":"","ast-banner-title-visibility":"","ast-main-header-display":"","ast-hfb-above-header-display":"","ast-hfb-below-header-display":"","ast-hfb-mobile-header-display":"","site-post-title":"disabled","ast-breadcrumbs-content":"","ast-featured-img":"disabled","footer-sml-layout":"","ast-disable-related-posts":"","theme-transparent-header-meta":"","adv-header-id-meta":"","stick-header-meta":"","header-above-stick-meta":"","header-main-stick-meta":"","header-below-stick-meta":"","astra-migrate-meta-layouts":"default","ast-page-background-enabled":"default","ast-page-background-meta":{"desktop":{"background-color":"var(--ast-global-color-5)","background-image":"","background-repeat":"repeat","background-position":"center center","background-size":"auto","background-attachment":"scroll","background-type":"","background-media":"","overlay-type":"","overlay-color":"","overlay-opacity":"","overlay-gradient":""},"tablet":{"background-color":"","background-image":"","background-repeat":"repeat","background-position":"center center","background-size":"auto","background-attachment":"scroll","background-type":"","background-media":"","overlay-type":"","overlay-color":"","overlay-opacity":"","overlay-gradient":""},"mobile":{"background-color":"","background-image":"","background-repeat":"repeat","background-position":"center center","background-size":"auto","background-attachment":"scroll","background-type":"","background-media":"","overlay-type":"","overlay-color":"","overlay-opacity":"","overlay-gradient":""}},"ast-content-background-meta":{"desktop":{"background-color":"var(--ast-global-color-4)","background-image":"","background-repeat":"repeat","background-position":"center center","background-size":"auto","background-attachment":"scroll","background-type":"","background-media":"","overlay-type":"","overlay-color":"","overlay-opacity":"","overlay-gradient":""},"tablet":{"background-color":"var(--ast-global-color-4)","background-image":"","background-repeat":"repeat","background-position":"center center","background-size":"auto","background-attachment":"scroll","background-type":"","background-media":"","overlay-type":"","overlay-color":"","overlay-opacity":"","overlay-gradient":""},"mobile":{"background-color":"var(--ast-global-color-4)","background-image":"","background-repeat":"repeat","background-position":"center center","background-size":"auto","background-attachment":"scroll","background-type":"","background-media":"","overlay-type":"","overlay-color":"","overlay-opacity":"","overlay-gradient":""}},"footnotes":""},"class_list":["post-282","page","type-page","status-publish","hentry"],"acf":[],"yoast_head":"<!-- This site is optimized with the Yoast SEO Premium plugin v27.5 (Yoast SEO v27.5) - https:\/\/yoast.com\/product\/yoast-seo-premium-wordpress\/ -->\n<title>Tolm\u00e1csol\u00e1s - Ford\u00edt\u00f3 iroda<\/title>\n<meta name=\"description\" content=\"Tolm\u00e1csol\u00e1st el\u0151re t\u00f6rt\u00e9n\u0151 egyeztet\u00e9st k\u00f6vet\u0151en \u00e1ll m\u00f3dunkban biztos\u00edtani, amely a tolm\u00e1csol\u00e1si id\u0151pontot megel\u0151z\u0151 1 h\u00e9t. Ker\u00fclje el a k\u00ednos helyzeteket \u00e9s b\u00edzza a tolm\u00e1csol\u00e1st igazi szakemberre!\" \/>\n<meta name=\"robots\" content=\"noindex, follow, max-snippet:-1, max-image-preview:large, max-video-preview:-1\" \/>\n<meta property=\"og:locale\" content=\"en_GB\" \/>\n<meta property=\"og:type\" content=\"article\" \/>\n<meta property=\"og:title\" content=\"Tolm\u00e1csol\u00e1s\" \/>\n<meta property=\"og:description\" content=\"Tolm\u00e1csol\u00e1st el\u0151re t\u00f6rt\u00e9n\u0151 egyeztet\u00e9st k\u00f6vet\u0151en \u00e1ll m\u00f3dunkban biztos\u00edtani, amely a tolm\u00e1csol\u00e1si id\u0151pontot megel\u0151z\u0151 1 h\u00e9t. Ker\u00fclje el a k\u00ednos helyzeteket \u00e9s b\u00edzza a tolm\u00e1csol\u00e1st igazi szakemberre!\" \/>\n<meta property=\"og:url\" content=\"https:\/\/profiforditas.rk-sandbox.hu\/en\/tolmacsolas\/\" \/>\n<meta property=\"og:site_name\" content=\"Ford\u00edt\u00f3 iroda\" \/>\n<meta property=\"article:modified_time\" content=\"2026-05-11T12:39:05+00:00\" \/>\n<meta property=\"og:image\" content=\"https:\/\/profiforditas.rk-sandbox.hu\/wp-content\/uploads\/2026\/05\/hero-1.webp\" \/>\n<meta name=\"twitter:card\" content=\"summary_large_image\" \/>\n<meta name=\"twitter:label1\" content=\"Estimated reading time\" \/>\n\t<meta name=\"twitter:data1\" content=\"3 minutes\" \/>\n<script type=\"application\/ld+json\" class=\"yoast-schema-graph\">{\"@context\":\"https:\\\/\\\/schema.org\",\"@graph\":[{\"@type\":\"WebPage\",\"@id\":\"https:\\\/\\\/profiforditas.rk-sandbox.hu\\\/tolmacsolas\\\/\",\"url\":\"https:\\\/\\\/profiforditas.rk-sandbox.hu\\\/tolmacsolas\\\/\",\"name\":\"Tolm\u00e1csol\u00e1s - Ford\u00edt\u00f3 iroda\",\"isPartOf\":{\"@id\":\"https:\\\/\\\/profiforditas.rk-sandbox.hu\\\/#website\"},\"primaryImageOfPage\":{\"@id\":\"https:\\\/\\\/profiforditas.rk-sandbox.hu\\\/tolmacsolas\\\/#primaryimage\"},\"image\":{\"@id\":\"https:\\\/\\\/profiforditas.rk-sandbox.hu\\\/tolmacsolas\\\/#primaryimage\"},\"thumbnailUrl\":\"https:\\\/\\\/profiforditas.rk-sandbox.hu\\\/wp-content\\\/uploads\\\/2026\\\/05\\\/hero-1.webp\",\"datePublished\":\"2026-05-08T13:12:19+00:00\",\"dateModified\":\"2026-05-11T12:39:05+00:00\",\"description\":\"Tolm\u00e1csol\u00e1st el\u0151re t\u00f6rt\u00e9n\u0151 egyeztet\u00e9st k\u00f6vet\u0151en \u00e1ll m\u00f3dunkban biztos\u00edtani, amely a tolm\u00e1csol\u00e1si id\u0151pontot megel\u0151z\u0151 1 h\u00e9t. Ker\u00fclje el a k\u00ednos helyzeteket \u00e9s b\u00edzza a tolm\u00e1csol\u00e1st igazi szakemberre!\",\"breadcrumb\":{\"@id\":\"https:\\\/\\\/profiforditas.rk-sandbox.hu\\\/tolmacsolas\\\/#breadcrumb\"},\"inLanguage\":\"en-GB\",\"potentialAction\":[{\"@type\":\"ReadAction\",\"target\":[\"https:\\\/\\\/profiforditas.rk-sandbox.hu\\\/tolmacsolas\\\/\"]}]},{\"@type\":\"ImageObject\",\"inLanguage\":\"en-GB\",\"@id\":\"https:\\\/\\\/profiforditas.rk-sandbox.hu\\\/tolmacsolas\\\/#primaryimage\",\"url\":\"https:\\\/\\\/profiforditas.rk-sandbox.hu\\\/wp-content\\\/uploads\\\/2026\\\/05\\\/hero-1.webp\",\"contentUrl\":\"https:\\\/\\\/profiforditas.rk-sandbox.hu\\\/wp-content\\\/uploads\\\/2026\\\/05\\\/hero-1.webp\"},{\"@type\":\"BreadcrumbList\",\"@id\":\"https:\\\/\\\/profiforditas.rk-sandbox.hu\\\/tolmacsolas\\\/#breadcrumb\",\"itemListElement\":[{\"@type\":\"ListItem\",\"position\":1,\"name\":\"Kezd\u0151lap\",\"item\":\"https:\\\/\\\/profiforditas.rk-sandbox.hu\\\/\"},{\"@type\":\"ListItem\",\"position\":2,\"name\":\"Tolm\u00e1csol\u00e1s\"}]},{\"@type\":\"WebSite\",\"@id\":\"https:\\\/\\\/profiforditas.rk-sandbox.hu\\\/#website\",\"url\":\"https:\\\/\\\/profiforditas.rk-sandbox.hu\\\/\",\"name\":\"Ford\u00edt\u00f3 iroda\",\"description\":\"Profi ford\u00edt\u00e1sok gyorsan \u00e9s egyszer\u0171en!\",\"publisher\":{\"@id\":\"https:\\\/\\\/profiforditas.rk-sandbox.hu\\\/#organization\"},\"potentialAction\":[{\"@type\":\"SearchAction\",\"target\":{\"@type\":\"EntryPoint\",\"urlTemplate\":\"https:\\\/\\\/profiforditas.rk-sandbox.hu\\\/?s={search_term_string}\"},\"query-input\":{\"@type\":\"PropertyValueSpecification\",\"valueRequired\":true,\"valueName\":\"search_term_string\"}}],\"inLanguage\":\"en-GB\"},{\"@type\":\"Organization\",\"@id\":\"https:\\\/\\\/profiforditas.rk-sandbox.hu\\\/#organization\",\"name\":\"Ford\u00edt\u00f3 iroda\",\"url\":\"https:\\\/\\\/profiforditas.rk-sandbox.hu\\\/\",\"logo\":{\"@type\":\"ImageObject\",\"inLanguage\":\"en-GB\",\"@id\":\"https:\\\/\\\/profiforditas.rk-sandbox.hu\\\/#\\\/schema\\\/logo\\\/image\\\/\",\"url\":\"https:\\\/\\\/profiforditas.rk-sandbox.hu\\\/wp-content\\\/uploads\\\/2026\\\/05\\\/logo-1.webp\",\"contentUrl\":\"https:\\\/\\\/profiforditas.rk-sandbox.hu\\\/wp-content\\\/uploads\\\/2026\\\/05\\\/logo-1.webp\",\"width\":800,\"height\":177,\"caption\":\"Ford\u00edt\u00f3 iroda\"},\"image\":{\"@id\":\"https:\\\/\\\/profiforditas.rk-sandbox.hu\\\/#\\\/schema\\\/logo\\\/image\\\/\"}}]}<\/script>\n<!-- \/ Yoast SEO Premium plugin. -->","yoast_head_json":{"title":"Tolm\u00e1csol\u00e1s - Ford\u00edt\u00f3 iroda","description":"Tolm\u00e1csol\u00e1st el\u0151re t\u00f6rt\u00e9n\u0151 egyeztet\u00e9st k\u00f6vet\u0151en \u00e1ll m\u00f3dunkban biztos\u00edtani, amely a tolm\u00e1csol\u00e1si id\u0151pontot megel\u0151z\u0151 1 h\u00e9t. Ker\u00fclje el a k\u00ednos helyzeteket \u00e9s b\u00edzza a tolm\u00e1csol\u00e1st igazi szakemberre!","robots":{"index":"noindex","follow":"follow","max-snippet":"max-snippet:-1","max-image-preview":"max-image-preview:large","max-video-preview":"max-video-preview:-1"},"og_locale":"en_GB","og_type":"article","og_title":"Tolm\u00e1csol\u00e1s","og_description":"Tolm\u00e1csol\u00e1st el\u0151re t\u00f6rt\u00e9n\u0151 egyeztet\u00e9st k\u00f6vet\u0151en \u00e1ll m\u00f3dunkban biztos\u00edtani, amely a tolm\u00e1csol\u00e1si id\u0151pontot megel\u0151z\u0151 1 h\u00e9t. Ker\u00fclje el a k\u00ednos helyzeteket \u00e9s b\u00edzza a tolm\u00e1csol\u00e1st igazi szakemberre!","og_url":"https:\/\/profiforditas.rk-sandbox.hu\/en\/tolmacsolas\/","og_site_name":"Ford\u00edt\u00f3 iroda","article_modified_time":"2026-05-11T12:39:05+00:00","og_image":[{"url":"https:\/\/profiforditas.rk-sandbox.hu\/wp-content\/uploads\/2026\/05\/hero-1.webp","type":"","width":"","height":""}],"twitter_card":"summary_large_image","twitter_misc":{"Estimated reading time":"3 minutes"},"schema":{"@context":"https:\/\/schema.org","@graph":[{"@type":"WebPage","@id":"https:\/\/profiforditas.rk-sandbox.hu\/tolmacsolas\/","url":"https:\/\/profiforditas.rk-sandbox.hu\/tolmacsolas\/","name":"Tolm\u00e1csol\u00e1s - Ford\u00edt\u00f3 iroda","isPartOf":{"@id":"https:\/\/profiforditas.rk-sandbox.hu\/#website"},"primaryImageOfPage":{"@id":"https:\/\/profiforditas.rk-sandbox.hu\/tolmacsolas\/#primaryimage"},"image":{"@id":"https:\/\/profiforditas.rk-sandbox.hu\/tolmacsolas\/#primaryimage"},"thumbnailUrl":"https:\/\/profiforditas.rk-sandbox.hu\/wp-content\/uploads\/2026\/05\/hero-1.webp","datePublished":"2026-05-08T13:12:19+00:00","dateModified":"2026-05-11T12:39:05+00:00","description":"Tolm\u00e1csol\u00e1st el\u0151re t\u00f6rt\u00e9n\u0151 egyeztet\u00e9st k\u00f6vet\u0151en \u00e1ll m\u00f3dunkban biztos\u00edtani, amely a tolm\u00e1csol\u00e1si id\u0151pontot megel\u0151z\u0151 1 h\u00e9t. Ker\u00fclje el a k\u00ednos helyzeteket \u00e9s b\u00edzza a tolm\u00e1csol\u00e1st igazi szakemberre!","breadcrumb":{"@id":"https:\/\/profiforditas.rk-sandbox.hu\/tolmacsolas\/#breadcrumb"},"inLanguage":"en-GB","potentialAction":[{"@type":"ReadAction","target":["https:\/\/profiforditas.rk-sandbox.hu\/tolmacsolas\/"]}]},{"@type":"ImageObject","inLanguage":"en-GB","@id":"https:\/\/profiforditas.rk-sandbox.hu\/tolmacsolas\/#primaryimage","url":"https:\/\/profiforditas.rk-sandbox.hu\/wp-content\/uploads\/2026\/05\/hero-1.webp","contentUrl":"https:\/\/profiforditas.rk-sandbox.hu\/wp-content\/uploads\/2026\/05\/hero-1.webp"},{"@type":"BreadcrumbList","@id":"https:\/\/profiforditas.rk-sandbox.hu\/tolmacsolas\/#breadcrumb","itemListElement":[{"@type":"ListItem","position":1,"name":"Kezd\u0151lap","item":"https:\/\/profiforditas.rk-sandbox.hu\/"},{"@type":"ListItem","position":2,"name":"Tolm\u00e1csol\u00e1s"}]},{"@type":"WebSite","@id":"https:\/\/profiforditas.rk-sandbox.hu\/#website","url":"https:\/\/profiforditas.rk-sandbox.hu\/","name":"Ford\u00edt\u00f3 iroda","description":"Profi ford\u00edt\u00e1sok gyorsan \u00e9s egyszer\u0171en!","publisher":{"@id":"https:\/\/profiforditas.rk-sandbox.hu\/#organization"},"potentialAction":[{"@type":"SearchAction","target":{"@type":"EntryPoint","urlTemplate":"https:\/\/profiforditas.rk-sandbox.hu\/?s={search_term_string}"},"query-input":{"@type":"PropertyValueSpecification","valueRequired":true,"valueName":"search_term_string"}}],"inLanguage":"en-GB"},{"@type":"Organization","@id":"https:\/\/profiforditas.rk-sandbox.hu\/#organization","name":"Ford\u00edt\u00f3 iroda","url":"https:\/\/profiforditas.rk-sandbox.hu\/","logo":{"@type":"ImageObject","inLanguage":"en-GB","@id":"https:\/\/profiforditas.rk-sandbox.hu\/#\/schema\/logo\/image\/","url":"https:\/\/profiforditas.rk-sandbox.hu\/wp-content\/uploads\/2026\/05\/logo-1.webp","contentUrl":"https:\/\/profiforditas.rk-sandbox.hu\/wp-content\/uploads\/2026\/05\/logo-1.webp","width":800,"height":177,"caption":"Ford\u00edt\u00f3 iroda"},"image":{"@id":"https:\/\/profiforditas.rk-sandbox.hu\/#\/schema\/logo\/image\/"}}]}},"_links":{"self":[{"href":"https:\/\/profiforditas.rk-sandbox.hu\/en\/wp-json\/wp\/v2\/pages\/282","targetHints":{"allow":["GET"]}}],"collection":[{"href":"https:\/\/profiforditas.rk-sandbox.hu\/en\/wp-json\/wp\/v2\/pages"}],"about":[{"href":"https:\/\/profiforditas.rk-sandbox.hu\/en\/wp-json\/wp\/v2\/types\/page"}],"author":[{"embeddable":true,"href":"https:\/\/profiforditas.rk-sandbox.hu\/en\/wp-json\/wp\/v2\/users\/1"}],"replies":[{"embeddable":true,"href":"https:\/\/profiforditas.rk-sandbox.hu\/en\/wp-json\/wp\/v2\/comments?post=282"}],"version-history":[{"count":13,"href":"https:\/\/profiforditas.rk-sandbox.hu\/en\/wp-json\/wp\/v2\/pages\/282\/revisions"}],"predecessor-version":[{"id":459,"href":"https:\/\/profiforditas.rk-sandbox.hu\/en\/wp-json\/wp\/v2\/pages\/282\/revisions\/459"}],"wp:attachment":[{"href":"https:\/\/profiforditas.rk-sandbox.hu\/en\/wp-json\/wp\/v2\/media?parent=282"}],"curies":[{"name":"wp","href":"https:\/\/api.w.org\/{rel}","templated":true}]}}