{"id":348,"date":"2026-05-08T15:31:25","date_gmt":"2026-05-08T13:31:25","guid":{"rendered":"https:\/\/profiforditas.rk-sandbox.hu\/?page_id=348"},"modified":"2026-05-11T14:42:51","modified_gmt":"2026-05-11T12:42:51","slug":"kapcsolat","status":"publish","type":"page","link":"https:\/\/profiforditas.rk-sandbox.hu\/de\/kapcsolat\/","title":{"rendered":"Kontakt"},"content":{"rendered":"<div data-elementor-type=\"wp-page\" data-elementor-id=\"348\" class=\"elementor elementor-348\" data-elementor-post-type=\"page\">\n\t\t\t\t<div class=\"elementor-element elementor-element-c1d2736 e-flex e-con-boxed e-con e-parent\" data-id=\"c1d2736\" data-element_type=\"container\" data-e-type=\"container\" data-settings=\"{&quot;background_background&quot;:&quot;gradient&quot;}\">\n\t\t\t\t\t<div class=\"e-con-inner\">\n\t\t<div class=\"elementor-element elementor-element-0d2d261 e-con-full e-flex e-con e-child\" data-id=\"0d2d261\" data-element_type=\"container\" data-e-type=\"container\">\n\t\t\t\t<div class=\"elementor-element elementor-element-86fdd75 elementor-widget elementor-widget-image\" data-id=\"86fdd75\" data-element_type=\"widget\" data-e-type=\"widget\" data-widget_type=\"image.default\">\n\t\t\t\t\t\t\t\t\t\t\t\t\t\t\t<img fetchpriority=\"high\" decoding=\"async\" width=\"400\" height=\"254\" src=\"https:\/\/profiforditas.rk-sandbox.hu\/wp-content\/uploads\/2026\/05\/hero-german.webp\" class=\"attachment-large size-large wp-image-441\" alt=\"\" \/>\t\t\t\t\t\t\t\t\t\t\t\t\t\t\t<\/div>\n\t\t\t\t<\/div>\n\t\t<div class=\"elementor-element elementor-element-c80c0d5 e-con-full e-flex e-con e-child\" data-id=\"c80c0d5\" data-element_type=\"container\" data-e-type=\"container\">\n\t\t\t\t<div class=\"elementor-element elementor-element-3ad695e elementor-widget elementor-widget-heading\" data-id=\"3ad695e\" data-element_type=\"widget\" data-e-type=\"widget\" data-widget_type=\"heading.default\">\n\t\t\t\t\t<h1 class=\"elementor-heading-title elementor-size-default\">Kontakt<\/h1>\t\t\t\t<\/div>\n\t\t\t\t<div class=\"elementor-element elementor-element-42f68b6 elementor-widget elementor-widget-text-editor\" data-id=\"42f68b6\" data-element_type=\"widget\" data-e-type=\"widget\" data-widget_type=\"text-editor.default\">\n\t\t\t\t\t\t\t\t\t<div class=\"logo_sdoc header-translates-hu\"><div class=\"logo_text\">\"Die Sprache ist keine Wissenschaft, das Wort, das Sprechen sind keine Weisheit. Sie ist ein Schl\u00fcssel der Wissenschaften, ein Weg, eine Methode, ein Mittel zum weisen Denken...\" \u2013 J\u00f3zsef K\u00e1rm\u00e1n<\/div><\/div>\t\t\t\t\t\t\t\t<\/div>\n\t\t\t\t<\/div>\n\t\t\t\t\t<\/div>\n\t\t\t\t<\/div>\n\t\t<div class=\"elementor-element elementor-element-7e9957d e-flex e-con-boxed e-con e-parent\" data-id=\"7e9957d\" data-element_type=\"container\" data-e-type=\"container\">\n\t\t\t\t\t<div class=\"e-con-inner\">\n\t\t\t\t<div class=\"elementor-element elementor-element-666dcc6 elementor-widget elementor-widget-text-editor\" data-id=\"666dcc6\" data-element_type=\"widget\" data-e-type=\"widget\" data-widget_type=\"text-editor.default\">\n\t\t\t\t\t\t\t\t\t<p class=\"translation-block\">Falls wir Ihr Interesse erweckt haben,\nwenden Sie sich an uns mit Vertrauen unter einer der nachfolgenden Erreichbarkeiten!<\/p>\t\t\t\t\t\t\t\t<\/div>\n\t\t\t\t<div class=\"elementor-element elementor-element-7388824 elementor-widget elementor-widget-heading\" data-id=\"7388824\" data-element_type=\"widget\" data-e-type=\"widget\" data-widget_type=\"heading.default\">\n\t\t\t\t\t<h2 class=\"elementor-heading-title elementor-size-default\">\u00dcbersetzungsb\u00fcro\nGB Europont Ford\u00edt\u00f3iroda Kft.<\/h2>\t\t\t\t<\/div>\n\t\t\t\t<div class=\"elementor-element elementor-element-bdf6a9d elementor-widget elementor-widget-text-editor\" data-id=\"bdf6a9d\" data-element_type=\"widget\" data-e-type=\"widget\" data-widget_type=\"text-editor.default\">\n\t\t\t\t\t\t\t\t\t<p class=\"translation-block\">Mobiltelefon: (+36) 70 633 3176<br>Postanschrift: 4400 Ny\u00edregyh\u00e1za, M\u00e1nyoki \u00c1d\u00e1m u. 4.<br>Sitz: 4611 J\u00e9ke, D\u00f3zsa Gy\u00f6rgy u. 29.<\/p><p>Steuernummer: 13866738-2-15<\/p><p>e-Mail: megrendeles@forditas.hu<\/p>\t\t\t\t\t\t\t\t<\/div>\n\t\t\t\t\t<\/div>\n\t\t\t\t<\/div>\n\t\t\t\t<\/div>","protected":false},"excerpt":{"rendered":"<p>Kapcsolat &#8222;A nyelv nem tudom\u00e1ny, a sz\u00f3, besz\u00e9d nem b\u00f6lcsess\u00e9g. Kulcsa a tudom\u00e1nyoknak, \u00fat, m\u00f3d, eszk\u00f6z a b\u00f6lcselked\u00e9sre&#8230;&#8221; &#8211; K\u00e1rm\u00e1n [&hellip;]<\/p>\n","protected":false},"author":1,"featured_media":0,"parent":0,"menu_order":0,"comment_status":"closed","ping_status":"closed","template":"","meta":{"_acf_changed":false,"site-sidebar-layout":"no-sidebar","site-content-layout":"","ast-site-content-layout":"full-width-container","site-content-style":"default","site-sidebar-style":"default","ast-global-header-display":"","ast-banner-title-visibility":"","ast-main-header-display":"","ast-hfb-above-header-display":"","ast-hfb-below-header-display":"","ast-hfb-mobile-header-display":"","site-post-title":"disabled","ast-breadcrumbs-content":"","ast-featured-img":"disabled","footer-sml-layout":"","ast-disable-related-posts":"","theme-transparent-header-meta":"","adv-header-id-meta":"","stick-header-meta":"","header-above-stick-meta":"","header-main-stick-meta":"","header-below-stick-meta":"","astra-migrate-meta-layouts":"default","ast-page-background-enabled":"default","ast-page-background-meta":{"desktop":{"background-color":"var(--ast-global-color-5)","background-image":"","background-repeat":"repeat","background-position":"center center","background-size":"auto","background-attachment":"scroll","background-type":"","background-media":"","overlay-type":"","overlay-color":"","overlay-opacity":"","overlay-gradient":""},"tablet":{"background-color":"","background-image":"","background-repeat":"repeat","background-position":"center center","background-size":"auto","background-attachment":"scroll","background-type":"","background-media":"","overlay-type":"","overlay-color":"","overlay-opacity":"","overlay-gradient":""},"mobile":{"background-color":"","background-image":"","background-repeat":"repeat","background-position":"center center","background-size":"auto","background-attachment":"scroll","background-type":"","background-media":"","overlay-type":"","overlay-color":"","overlay-opacity":"","overlay-gradient":""}},"ast-content-background-meta":{"desktop":{"background-color":"var(--ast-global-color-4)","background-image":"","background-repeat":"repeat","background-position":"center center","background-size":"auto","background-attachment":"scroll","background-type":"","background-media":"","overlay-type":"","overlay-color":"","overlay-opacity":"","overlay-gradient":""},"tablet":{"background-color":"var(--ast-global-color-4)","background-image":"","background-repeat":"repeat","background-position":"center center","background-size":"auto","background-attachment":"scroll","background-type":"","background-media":"","overlay-type":"","overlay-color":"","overlay-opacity":"","overlay-gradient":""},"mobile":{"background-color":"var(--ast-global-color-4)","background-image":"","background-repeat":"repeat","background-position":"center center","background-size":"auto","background-attachment":"scroll","background-type":"","background-media":"","overlay-type":"","overlay-color":"","overlay-opacity":"","overlay-gradient":""}},"footnotes":""},"class_list":["post-348","page","type-page","status-publish","hentry"],"acf":[],"yoast_head":"<!-- This site is optimized with the Yoast SEO Premium plugin v27.5 (Yoast SEO v27.5) - https:\/\/yoast.com\/product\/yoast-seo-premium-wordpress\/ -->\n<title>Kapcsolat - Ford\u00edt\u00f3 iroda<\/title>\n<meta name=\"description\" content=\"Amennyiben siker\u00fclt felkelten\u00fcnk az \u00e9rdekl\u0151d\u00e9s\u00e9t, forduljon hozz\u00e1nk bizalommal!\" \/>\n<meta name=\"robots\" content=\"noindex, follow, max-snippet:-1, max-image-preview:large, max-video-preview:-1\" \/>\n<meta property=\"og:locale\" content=\"de_DE\" \/>\n<meta property=\"og:type\" content=\"article\" \/>\n<meta property=\"og:title\" content=\"Kapcsolat\" \/>\n<meta property=\"og:description\" content=\"Amennyiben siker\u00fclt felkelten\u00fcnk az \u00e9rdekl\u0151d\u00e9s\u00e9t, forduljon hozz\u00e1nk bizalommal!\" \/>\n<meta property=\"og:url\" content=\"https:\/\/profiforditas.rk-sandbox.hu\/de\/kapcsolat\/\" \/>\n<meta property=\"og:site_name\" content=\"Ford\u00edt\u00f3 iroda\" \/>\n<meta property=\"article:modified_time\" content=\"2026-05-11T12:42:51+00:00\" \/>\n<meta property=\"og:image\" content=\"https:\/\/profiforditas.rk-sandbox.hu\/wp-content\/uploads\/2026\/05\/hero-1.webp\" \/>\n<meta name=\"twitter:card\" content=\"summary_large_image\" \/>\n<meta name=\"twitter:label1\" content=\"Gesch\u00e4tzte Lesezeit\" \/>\n\t<meta name=\"twitter:data1\" content=\"1\u00a0Minute\" \/>\n<script type=\"application\/ld+json\" class=\"yoast-schema-graph\">{\"@context\":\"https:\\\/\\\/schema.org\",\"@graph\":[{\"@type\":\"WebPage\",\"@id\":\"https:\\\/\\\/profiforditas.rk-sandbox.hu\\\/kapcsolat\\\/\",\"url\":\"https:\\\/\\\/profiforditas.rk-sandbox.hu\\\/kapcsolat\\\/\",\"name\":\"Kapcsolat - Ford\u00edt\u00f3 iroda\",\"isPartOf\":{\"@id\":\"https:\\\/\\\/profiforditas.rk-sandbox.hu\\\/#website\"},\"primaryImageOfPage\":{\"@id\":\"https:\\\/\\\/profiforditas.rk-sandbox.hu\\\/kapcsolat\\\/#primaryimage\"},\"image\":{\"@id\":\"https:\\\/\\\/profiforditas.rk-sandbox.hu\\\/kapcsolat\\\/#primaryimage\"},\"thumbnailUrl\":\"https:\\\/\\\/profiforditas.rk-sandbox.hu\\\/wp-content\\\/uploads\\\/2026\\\/05\\\/hero-1.webp\",\"datePublished\":\"2026-05-08T13:31:25+00:00\",\"dateModified\":\"2026-05-11T12:42:51+00:00\",\"description\":\"Amennyiben siker\u00fclt felkelten\u00fcnk az \u00e9rdekl\u0151d\u00e9s\u00e9t, forduljon hozz\u00e1nk bizalommal!\",\"breadcrumb\":{\"@id\":\"https:\\\/\\\/profiforditas.rk-sandbox.hu\\\/kapcsolat\\\/#breadcrumb\"},\"inLanguage\":\"de\",\"potentialAction\":[{\"@type\":\"ReadAction\",\"target\":[\"https:\\\/\\\/profiforditas.rk-sandbox.hu\\\/kapcsolat\\\/\"]}]},{\"@type\":\"ImageObject\",\"inLanguage\":\"de\",\"@id\":\"https:\\\/\\\/profiforditas.rk-sandbox.hu\\\/kapcsolat\\\/#primaryimage\",\"url\":\"https:\\\/\\\/profiforditas.rk-sandbox.hu\\\/wp-content\\\/uploads\\\/2026\\\/05\\\/hero-1.webp\",\"contentUrl\":\"https:\\\/\\\/profiforditas.rk-sandbox.hu\\\/wp-content\\\/uploads\\\/2026\\\/05\\\/hero-1.webp\"},{\"@type\":\"BreadcrumbList\",\"@id\":\"https:\\\/\\\/profiforditas.rk-sandbox.hu\\\/kapcsolat\\\/#breadcrumb\",\"itemListElement\":[{\"@type\":\"ListItem\",\"position\":1,\"name\":\"Kezd\u0151lap\",\"item\":\"https:\\\/\\\/profiforditas.rk-sandbox.hu\\\/\"},{\"@type\":\"ListItem\",\"position\":2,\"name\":\"Kapcsolat\"}]},{\"@type\":\"WebSite\",\"@id\":\"https:\\\/\\\/profiforditas.rk-sandbox.hu\\\/#website\",\"url\":\"https:\\\/\\\/profiforditas.rk-sandbox.hu\\\/\",\"name\":\"Ford\u00edt\u00f3 iroda\",\"description\":\"Profi ford\u00edt\u00e1sok gyorsan \u00e9s egyszer\u0171en!\",\"publisher\":{\"@id\":\"https:\\\/\\\/profiforditas.rk-sandbox.hu\\\/#organization\"},\"potentialAction\":[{\"@type\":\"SearchAction\",\"target\":{\"@type\":\"EntryPoint\",\"urlTemplate\":\"https:\\\/\\\/profiforditas.rk-sandbox.hu\\\/?s={search_term_string}\"},\"query-input\":{\"@type\":\"PropertyValueSpecification\",\"valueRequired\":true,\"valueName\":\"search_term_string\"}}],\"inLanguage\":\"de\"},{\"@type\":\"Organization\",\"@id\":\"https:\\\/\\\/profiforditas.rk-sandbox.hu\\\/#organization\",\"name\":\"Ford\u00edt\u00f3 iroda\",\"url\":\"https:\\\/\\\/profiforditas.rk-sandbox.hu\\\/\",\"logo\":{\"@type\":\"ImageObject\",\"inLanguage\":\"de\",\"@id\":\"https:\\\/\\\/profiforditas.rk-sandbox.hu\\\/#\\\/schema\\\/logo\\\/image\\\/\",\"url\":\"https:\\\/\\\/profiforditas.rk-sandbox.hu\\\/wp-content\\\/uploads\\\/2026\\\/05\\\/logo-1.webp\",\"contentUrl\":\"https:\\\/\\\/profiforditas.rk-sandbox.hu\\\/wp-content\\\/uploads\\\/2026\\\/05\\\/logo-1.webp\",\"width\":800,\"height\":177,\"caption\":\"Ford\u00edt\u00f3 iroda\"},\"image\":{\"@id\":\"https:\\\/\\\/profiforditas.rk-sandbox.hu\\\/#\\\/schema\\\/logo\\\/image\\\/\"}}]}<\/script>\n<!-- \/ Yoast SEO Premium plugin. -->","yoast_head_json":{"title":"Kapcsolat - Ford\u00edt\u00f3 iroda","description":"Amennyiben siker\u00fclt felkelten\u00fcnk az \u00e9rdekl\u0151d\u00e9s\u00e9t, forduljon hozz\u00e1nk bizalommal!","robots":{"index":"noindex","follow":"follow","max-snippet":"max-snippet:-1","max-image-preview":"max-image-preview:large","max-video-preview":"max-video-preview:-1"},"og_locale":"de_DE","og_type":"article","og_title":"Kapcsolat","og_description":"Amennyiben siker\u00fclt felkelten\u00fcnk az \u00e9rdekl\u0151d\u00e9s\u00e9t, forduljon hozz\u00e1nk bizalommal!","og_url":"https:\/\/profiforditas.rk-sandbox.hu\/de\/kapcsolat\/","og_site_name":"Ford\u00edt\u00f3 iroda","article_modified_time":"2026-05-11T12:42:51+00:00","og_image":[{"url":"https:\/\/profiforditas.rk-sandbox.hu\/wp-content\/uploads\/2026\/05\/hero-1.webp","type":"","width":"","height":""}],"twitter_card":"summary_large_image","twitter_misc":{"Gesch\u00e4tzte Lesezeit":"1\u00a0Minute"},"schema":{"@context":"https:\/\/schema.org","@graph":[{"@type":"WebPage","@id":"https:\/\/profiforditas.rk-sandbox.hu\/kapcsolat\/","url":"https:\/\/profiforditas.rk-sandbox.hu\/kapcsolat\/","name":"Kapcsolat - Ford\u00edt\u00f3 iroda","isPartOf":{"@id":"https:\/\/profiforditas.rk-sandbox.hu\/#website"},"primaryImageOfPage":{"@id":"https:\/\/profiforditas.rk-sandbox.hu\/kapcsolat\/#primaryimage"},"image":{"@id":"https:\/\/profiforditas.rk-sandbox.hu\/kapcsolat\/#primaryimage"},"thumbnailUrl":"https:\/\/profiforditas.rk-sandbox.hu\/wp-content\/uploads\/2026\/05\/hero-1.webp","datePublished":"2026-05-08T13:31:25+00:00","dateModified":"2026-05-11T12:42:51+00:00","description":"Amennyiben siker\u00fclt felkelten\u00fcnk az \u00e9rdekl\u0151d\u00e9s\u00e9t, forduljon hozz\u00e1nk bizalommal!","breadcrumb":{"@id":"https:\/\/profiforditas.rk-sandbox.hu\/kapcsolat\/#breadcrumb"},"inLanguage":"de","potentialAction":[{"@type":"ReadAction","target":["https:\/\/profiforditas.rk-sandbox.hu\/kapcsolat\/"]}]},{"@type":"ImageObject","inLanguage":"de","@id":"https:\/\/profiforditas.rk-sandbox.hu\/kapcsolat\/#primaryimage","url":"https:\/\/profiforditas.rk-sandbox.hu\/wp-content\/uploads\/2026\/05\/hero-1.webp","contentUrl":"https:\/\/profiforditas.rk-sandbox.hu\/wp-content\/uploads\/2026\/05\/hero-1.webp"},{"@type":"BreadcrumbList","@id":"https:\/\/profiforditas.rk-sandbox.hu\/kapcsolat\/#breadcrumb","itemListElement":[{"@type":"ListItem","position":1,"name":"Kezd\u0151lap","item":"https:\/\/profiforditas.rk-sandbox.hu\/"},{"@type":"ListItem","position":2,"name":"Kapcsolat"}]},{"@type":"WebSite","@id":"https:\/\/profiforditas.rk-sandbox.hu\/#website","url":"https:\/\/profiforditas.rk-sandbox.hu\/","name":"Ford\u00edt\u00f3 iroda","description":"Profi ford\u00edt\u00e1sok gyorsan \u00e9s egyszer\u0171en!","publisher":{"@id":"https:\/\/profiforditas.rk-sandbox.hu\/#organization"},"potentialAction":[{"@type":"SearchAction","target":{"@type":"EntryPoint","urlTemplate":"https:\/\/profiforditas.rk-sandbox.hu\/?s={search_term_string}"},"query-input":{"@type":"PropertyValueSpecification","valueRequired":true,"valueName":"search_term_string"}}],"inLanguage":"de"},{"@type":"Organization","@id":"https:\/\/profiforditas.rk-sandbox.hu\/#organization","name":"Ford\u00edt\u00f3 iroda","url":"https:\/\/profiforditas.rk-sandbox.hu\/","logo":{"@type":"ImageObject","inLanguage":"de","@id":"https:\/\/profiforditas.rk-sandbox.hu\/#\/schema\/logo\/image\/","url":"https:\/\/profiforditas.rk-sandbox.hu\/wp-content\/uploads\/2026\/05\/logo-1.webp","contentUrl":"https:\/\/profiforditas.rk-sandbox.hu\/wp-content\/uploads\/2026\/05\/logo-1.webp","width":800,"height":177,"caption":"Ford\u00edt\u00f3 iroda"},"image":{"@id":"https:\/\/profiforditas.rk-sandbox.hu\/#\/schema\/logo\/image\/"}}]}},"_links":{"self":[{"href":"https:\/\/profiforditas.rk-sandbox.hu\/de\/wp-json\/wp\/v2\/pages\/348","targetHints":{"allow":["GET"]}}],"collection":[{"href":"https:\/\/profiforditas.rk-sandbox.hu\/de\/wp-json\/wp\/v2\/pages"}],"about":[{"href":"https:\/\/profiforditas.rk-sandbox.hu\/de\/wp-json\/wp\/v2\/types\/page"}],"author":[{"embeddable":true,"href":"https:\/\/profiforditas.rk-sandbox.hu\/de\/wp-json\/wp\/v2\/users\/1"}],"replies":[{"embeddable":true,"href":"https:\/\/profiforditas.rk-sandbox.hu\/de\/wp-json\/wp\/v2\/comments?post=348"}],"version-history":[{"count":7,"href":"https:\/\/profiforditas.rk-sandbox.hu\/de\/wp-json\/wp\/v2\/pages\/348\/revisions"}],"predecessor-version":[{"id":468,"href":"https:\/\/profiforditas.rk-sandbox.hu\/de\/wp-json\/wp\/v2\/pages\/348\/revisions\/468"}],"wp:attachment":[{"href":"https:\/\/profiforditas.rk-sandbox.hu\/de\/wp-json\/wp\/v2\/media?parent=348"}],"curies":[{"name":"wp","href":"https:\/\/api.w.org\/{rel}","templated":true}]}}