{"id":326,"date":"2026-05-08T15:22:56","date_gmt":"2026-05-08T13:22:56","guid":{"rendered":"https:\/\/profiforditas.rk-sandbox.hu\/?page_id=326"},"modified":"2026-05-08T15:23:53","modified_gmt":"2026-05-08T13:23:53","slug":"nehany-fontos-erv-mellettunk-szamokban","status":"publish","type":"page","link":"https:\/\/profiforditas.rk-sandbox.hu\/de\/nehany-fontos-erv-mellettunk-szamokban\/","title":{"rendered":"N\u00e9h\u00e1ny fontos \u00e9rv mellett\u00fcnk &#8211; sz\u00e1mokban!"},"content":{"rendered":"<div data-elementor-type=\"wp-page\" data-elementor-id=\"326\" class=\"elementor elementor-326\" data-elementor-post-type=\"page\">\n\t\t\t\t<div class=\"elementor-element elementor-element-6af6453 e-flex e-con-boxed e-con e-parent\" data-id=\"6af6453\" data-element_type=\"container\" data-e-type=\"container\">\n\t\t\t\t\t<div class=\"e-con-inner\">\n\t\t\t\t<div class=\"elementor-element elementor-element-4551a70 elementor-widget elementor-widget-heading\" data-id=\"4551a70\" data-element_type=\"widget\" data-e-type=\"widget\" data-widget_type=\"heading.default\">\n\t\t\t\t\t<h3 class=\"elementor-heading-title elementor-size-default\">Brauchen Sie ein zuverl\u00e4ssiges, flexibles \u00dcbersetzungsb\u00fcro?<\/h3>\t\t\t\t<\/div>\n\t\t\t\t<div class=\"elementor-element elementor-element-1cc18ea elementor-widget elementor-widget-text-editor\" data-id=\"1cc18ea\" data-element_type=\"widget\" data-e-type=\"widget\" data-widget_type=\"text-editor.default\">\n\t\t\t\t\t\t\t\t\t<p>Wer fertigt die \u00dcbersetzungen an? Was kostet die \u00dcbersetzung? Mit welcher Frist wird die \u00dcbersetzung fertig? Wir beantworten die Fragen!<\/p>\t\t\t\t\t\t\t\t<\/div>\n\t\t\t\t<div class=\"elementor-element elementor-element-a19df92 elementor-widget elementor-widget-text-editor\" data-id=\"a19df92\" data-element_type=\"widget\" data-e-type=\"widget\" data-widget_type=\"text-editor.default\">\n\t\t\t\t\t\t\t\t\t<p><img decoding=\"async\" src=\"https:\/\/www.profiforditas.hu\/_data\/VFS_311b4f8fb919aa09093d1244b9141497.png\" alt=\"ford\u00edt\u00e1s\" width=\"16\" height=\"16\" \/>\u00a0\u00d6sszefoglaltuk azokat a k\u00e9rd\u00e9seket, &#8211; \u00e9s a v\u00e1laszokat &#8211; amik a leggyakrabban felmer\u00fclnek egy ford\u00edt\u00e1si ig\u00e9ny eset\u00e9n. Amennyiben a lentieken t\u00fal tov\u00e1bbi inform\u00e1ci\u00f3kra van sz\u00fcks\u00e9ge, forduljon\u00a0<a href=\"https:\/\/www.profiforditas.hu\/content\/hu\/kapcsolat.html\">\u00fcgyf\u00e9lszolg\u00e1latunk<\/a>hoz bizalommal!<\/p><h3>Kik v\u00e9gzik a ford\u00edt\u00e1sokat? \/\u00a0 Mi a ford\u00edt\u00f3 iroda munkam\u00f3dszere?<\/h3><p class=\"translation-block\">In der Kenntnis aller charakteristischer Eigenschaften unserer Kollegen und diese ausgenutzt w\u00e4hlen wir den geeigneten Mitarbeiter zu Ihrem zu \u00fcbersetzenden Text aus.\nUnsere \u00dcbersetzer kennen die aktuelle Fremdsprache ausgezeichnet und verf\u00fcgen \u00fcber langj\u00e4hrige, mehrere Jahrzehnte alte, umfangreiche \u00dcbersetzungs- und Dolmetschungserfahrungen. Die \u00dcbersetzer sind nach ihrer Grundqualifikation, Lebenserfahrung, individuellem Interesse und Affinit\u00e4t aufgrund ihrer Fachkenntnisse aufgeteilt, so wird Ihr zu \u00fcbersetzender Text vom Themenspezialist \u00fcbersetzt.<\/p><h3>Was f\u00fcr Dokumentformat k\u00f6nnen wir bei der \u00dcbersetzung bearbeiten?<\/h3><p>Das \u00dcbersetzungsb\u00fcro \u00fcbernimmt die \u00dcbersetzung von maschinell geschriebenen und bearbeiteten Dateien jeder Art. Falls wir das zu \u00fcbersetzende Dokument nicht in bearbeitbarem Format erhalten, so fertigen wir die \u00dcbersetzung in der Form einer sogenannten\u201e Spiegel\u00fcbersetzung\u201c, das bedeutet, dass der \u00fcbersetzte Text die gleiche Form und Aufbau haben wird wie das urspr\u00fcngliche Dokument.<\/p><h3>M\u00f6chten Sie wissen, welche Kosten voraussichtlich die \u00dcbersetzung eines Textes hat? Senden Sie uns eine Anfrage und wir geben Ihnen ein Angebot:<\/h3><p class=\"translation-block\">Senden Sie unserem \u00dcbersetzungsb\u00fcro eine e-Mail an die megrendeles@forditas.hu und legen Sie dieser den zu \u00fcbersetzenden Text bei.\nWir sind f\u00fcr unsere Kunden t\u00e4glich 12 Stunden lang erreichbar, unsere Mitarbeiter reagieren in 1 Stunde mit einem konkreten Angebot auf Ihre \u00dcbersetzungsanfrage.<\/p><h3>Mit welcher Frist wird die \u00dcbersetzung fertig?<\/h3><p class=\"translation-block\">Der Zeitaufwand der \u00dcbersetzung wird zum Gro\u00dfteil vom Charakter, Spezialit\u00e4t, Berufskomplexit\u00e4t beeinflu\u00dft. Aufgrund der Berufserfahrungen kann behauptet werden, dass ein \u00dcbersetzer aus einem allgemeinen europ\u00e4ischen Text je Arbeitstag 10-12 Tsd Charakter \u00fcbersetzten kann, aber die praktischen Charakter der bestimmten \u00dcbersetzung sind detailliert unter dem Men\u00fcpunkt Sprachen bei der gew\u00e4hlten Fremdsprache zu finden. Wenn Sie die voraussichtliche \u00dcbersetzungszeit des bestimmten zu \u00fcbersetzenden Textes erfahren m\u00f6chten, gibt unser \u00dcbersetzungsb\u00fcro Ihnen nach der Besichtigung des Textes ein konkretes Angebot.<br><br>\n\nWie kann der Zeitaufwand der \u00dcbersetzung abgek\u00fcrzt werden? Wenn der Texttyp und die M\u00f6glichkeiten erlauben, kann die \u00dcbersetzung durch die Aufteilung des Textes auf einmal von mehreren \u00dcbersetzern angefertigt werden, ohne die Homogenit\u00e4t der fertigen \u00dcbersetzung zu beeintr\u00e4chtigen. Man soll aber betonen, dass diese Methode bei speziellen Texten mit individuellem Wortschatz nicht empfohlen ist.<\/p><h3>Wie k\u00f6nnen Sie die \u00dcbersetzung bestellen?<\/h3><p class=\"translation-block\">Ganz einfach: Senden Sie unserem \u00dcbersetzungsb\u00fcro eine E-Mail an die Adresse [megrendeles@forditas.hu](mailto:megrendeles@forditas.hu).<br>Die Bestellung muss Folgendes enthalten:<br>\u2013 den Namen, die Adresse und die telefonischen Kontaktdaten des Auftraggebers<br>\u2013 die Rechnungsadresse, Postanschrift, Bankkontonummer und Steuernummer<br>und selbstverst\u00e4ndlich den zu \u00fcbersetzenden Text.<\/p><h3>Offizielle oder beglaubigte \u00dcbersetzung?<\/h3><p>Beim Bedarf unserer Kunden werden die fertigen \u00dcbersetzungen von unserem B\u00fcro mit offizieller Klausel versehen. Heutzutage verlangen mehrere ungarische bzw. ausl\u00e4ndische Institute offizielle \u00dcbersetzung z.B. bei Zeugnissen, Vertr\u00e4gen, Ausz\u00fcgen aus dem Geburtenbuch, f\u00fcr ausl\u00e4ndische Anstellung, Beanspruchung ausl\u00e4ndischer Familienzulage, usw.<br \/><br \/>Bei der offiziellen \u00dcbersetzung wird durch eine offizielle Klausel (Deckblatt) in der ungarischen oder Fremdsprache best\u00e4tigt, dass die bestimmte \u00dcbersetzung f\u00f6rmlich und inhaltlich vollst\u00e4ndig mit dem originalen Exemplar der Ausgangssprache \u00fcbereinstimmt. Die offizielle \u00dcbersetzung besteht aus 3 Teilen: ungarisches oder fremdsprachliches Deckblatt (, abh\u00e4ngig davon, in welchem Land die \u00dcbersetzung verbraucht wird), dann werden die \u00dcbersetzung bzw. der urspr\u00fcngliche Text in der Ausgangssprache mit einer nationalfarbigen Schnur zusammengeheftet, mit kreisf\u00f6rmiger Etikette und der firmenm\u00e4\u00dfigen Unterschrift bzw. dem Siegel unseres \u00dcbersetzungsb\u00fcros und daneben mit einem offiziellen englischsprachigen Siegel (official translation) versehen.<br \/><br \/>Achtung! Die offizielle \u00dcbersetzung stimmt mit der beglaubigten \u00dcbersetzung nicht \u00fcberein!<br \/><br \/>Wir m\u00f6chten unsere Kunden darauf aufmerksam machen, dass die offizielle \u00dcbersetzung nicht gleich mit der beglaubigten \u00dcbersetzung ist, welche im Sinne der gegenw\u00e4rtigen Rechtsnorm aufgrund der Verordnung MT, Artikel 5 (24\/1986. (VI.26.) in Ungarn ausschlie\u00dflich vom \u00dcbersetzungsb\u00fcro OFFI erstellt werden darf.<br \/><br \/>Wir schlagen unseren Kunden vor, falls sie die \u00dcbersetzung eines offiziellen Dokumentes (Zeugnis, Zertifikat, Nachweis, Rechtsschriften, Bankdokumente, usw.) f\u00fcr eine ungarische Beh\u00f6rde, Organ oder Institut brauchen, so sollen Sie sich genau danach erkundigen, ob eine staatlich anerkannte BEGLAUBIGTE oder eine OFFZIELLE \u00dcbersetzung \u00fcber die Best\u00e4tigung der \u00dcbereinstimmung n\u00f6tig ist. In dem ersten Fall hat die OFFI in Ungarn die Berechtigung, die \u00dcbersetzungen zu beglaubigen, in anderen F\u00e4llen werden die \u00dcbersetzungen von uns \u00fcbersetzt oder lektoriert und mit offizieller Klausel versehen. Im Ausland wird aber die offizielle \u00dcbersetzung anderer ungarischer \u00dcbersetzungsb\u00fcros auch, z.B. f\u00fcr Anstellung, Bewerbungsschriften, Ausz\u00fcge aus dem Geburtenbuch, Vertr\u00e4ge, Nachweise, gerichtliche Dokumente, usw. angenommen.<\/p><p>Kosten der offiziellen \u00dcbersetzung: \u00dcbersetzungskosten + 30% Zuschlag.\u00a0<\/p><h3>Wie erhalten Sie die fertige \u00dcbersetzung?<\/h3><p>Unser \u00dcbersetzungsb\u00fcro sendet Ihnen das \u00fcbersetzte Dokument nach Ihrem Wunsch per e-Mail oder per Post.<\/p><h3>Zahlungskonditionen:<\/h3><p>Unsere Firma betrachtet die Versendung der fertigen \u00dcbersetzung als Werttag der Erf\u00fcllung. Die Zahlungsfrist der \u00fcber die \u00dcbersetzungskosten erstellten Rechnung betr\u00e4gt im Normalfall 8 Kalendertage. Die Rechnung wird per Post an die bei der Bestellung angegebene Postadresse versandt.<\/p><h3>Wie lange bewahren wir die \u00dcbersetzung auf?<\/h3><p>Die fertigen \u00dcbersetzungen werden von unserem B\u00fcro 1 Jahr lang elektronisch aufbewahrt. In diesem Zeitraum haben Sie die M\u00f6glichkeit, ein neues Exemplar zu verlangen bzw. sich darauf zu beziehen. Beim abweichenden Bedarf melden Sie es bitte sp\u00e4testens, als die \u00dcbersetzung fertig wurde.<\/p><h3>Geheimhaltung<\/h3><p class=\"translation-block\">Die \u00dcbersetzung ist eine vertrauliche Arbeit, worauf wir in der Kooperation mit unseren Kunden besonderen Wert legen. Unsere Firma h\u00e4lt sich selbstverst\u00e4ndlich an die vertrauliche Sachbearbeitung und die Geheimhaltung, was sowohl von unseren Administratoren als auch von unseren \u00dcbersetzern und Dolmetschern eingehalten wird.\nDie \u00dcbersetzerethik verpflichtet die \u00dcbersetzer zur vollst\u00e4ndigen Geheimhaltung. Unsere Kollegen d\u00fcrfen die bei den \u00dcbersetzungsarbeiten ihnen bekannt gewordenen Kenntnisse, Daten, beruflichen Geheimnisse und Informationen keinen Dritten \u00fcbergeben oder jene zum eigenen Ziel verwenden.<\/p>\t\t\t\t\t\t\t\t<\/div>\n\t\t\t\t\t<\/div>\n\t\t\t\t<\/div>\n\t\t\t\t<\/div>","protected":false},"excerpt":{"rendered":"<p>Megb\u00edzhat\u00f3, rugalmas ford\u00edt\u00f3 irod\u00e1ra van sz\u00fcks\u00e9ge? Kik v\u00e9gzik a ford\u00edt\u00e1sokat? Mennyibe ker\u00fcl a ford\u00edt\u00e1s? Mennyi id\u0151 sz\u00fcks\u00e9ges a ford\u00edt\u00e1sra? Megv\u00e1laszoljuk [&hellip;]<\/p>\n","protected":false},"author":1,"featured_media":0,"parent":0,"menu_order":0,"comment_status":"closed","ping_status":"closed","template":"","meta":{"_acf_changed":false,"site-sidebar-layout":"no-sidebar","site-content-layout":"","ast-site-content-layout":"full-width-container","site-content-style":"default","site-sidebar-style":"default","ast-global-header-display":"","ast-banner-title-visibility":"","ast-main-header-display":"","ast-hfb-above-header-display":"","ast-hfb-below-header-display":"","ast-hfb-mobile-header-display":"","site-post-title":"disabled","ast-breadcrumbs-content":"","ast-featured-img":"disabled","footer-sml-layout":"","ast-disable-related-posts":"","theme-transparent-header-meta":"","adv-header-id-meta":"","stick-header-meta":"","header-above-stick-meta":"","header-main-stick-meta":"","header-below-stick-meta":"","astra-migrate-meta-layouts":"default","ast-page-background-enabled":"default","ast-page-background-meta":{"desktop":{"background-color":"var(--ast-global-color-5)","background-image":"","background-repeat":"repeat","background-position":"center center","background-size":"auto","background-attachment":"scroll","background-type":"","background-media":"","overlay-type":"","overlay-color":"","overlay-opacity":"","overlay-gradient":""},"tablet":{"background-color":"","background-image":"","background-repeat":"repeat","background-position":"center center","background-size":"auto","background-attachment":"scroll","background-type":"","background-media":"","overlay-type":"","overlay-color":"","overlay-opacity":"","overlay-gradient":""},"mobile":{"background-color":"","background-image":"","background-repeat":"repeat","background-position":"center center","background-size":"auto","background-attachment":"scroll","background-type":"","background-media":"","overlay-type":"","overlay-color":"","overlay-opacity":"","overlay-gradient":""}},"ast-content-background-meta":{"desktop":{"background-color":"var(--ast-global-color-4)","background-image":"","background-repeat":"repeat","background-position":"center center","background-size":"auto","background-attachment":"scroll","background-type":"","background-media":"","overlay-type":"","overlay-color":"","overlay-opacity":"","overlay-gradient":""},"tablet":{"background-color":"var(--ast-global-color-4)","background-image":"","background-repeat":"repeat","background-position":"center center","background-size":"auto","background-attachment":"scroll","background-type":"","background-media":"","overlay-type":"","overlay-color":"","overlay-opacity":"","overlay-gradient":""},"mobile":{"background-color":"var(--ast-global-color-4)","background-image":"","background-repeat":"repeat","background-position":"center center","background-size":"auto","background-attachment":"scroll","background-type":"","background-media":"","overlay-type":"","overlay-color":"","overlay-opacity":"","overlay-gradient":""}},"footnotes":""},"class_list":["post-326","page","type-page","status-publish","hentry"],"acf":[],"yoast_head":"<!-- This site is optimized with the Yoast SEO Premium plugin v27.5 (Yoast SEO v27.5) - https:\/\/yoast.com\/product\/yoast-seo-premium-wordpress\/ -->\n<title>N\u00e9h\u00e1ny fontos \u00e9rv mellett\u00fcnk - sz\u00e1mokban! - Ford\u00edt\u00f3 iroda<\/title>\n<meta name=\"robots\" content=\"noindex, follow, max-snippet:-1, max-image-preview:large, max-video-preview:-1\" \/>\n<meta property=\"og:locale\" content=\"de_DE\" \/>\n<meta property=\"og:type\" content=\"article\" \/>\n<meta property=\"og:title\" content=\"N\u00e9h\u00e1ny fontos \u00e9rv mellett\u00fcnk - sz\u00e1mokban!\" \/>\n<meta property=\"og:description\" content=\"Megb\u00edzhat\u00f3, rugalmas ford\u00edt\u00f3 irod\u00e1ra van sz\u00fcks\u00e9ge? Kik v\u00e9gzik a ford\u00edt\u00e1sokat? Mennyibe ker\u00fcl a ford\u00edt\u00e1s? Mennyi id\u0151 sz\u00fcks\u00e9ges a ford\u00edt\u00e1sra? Megv\u00e1laszoljuk [&hellip;]\" \/>\n<meta property=\"og:url\" content=\"https:\/\/profiforditas.rk-sandbox.hu\/de\/nehany-fontos-erv-mellettunk-szamokban\/\" \/>\n<meta property=\"og:site_name\" content=\"Ford\u00edt\u00f3 iroda\" \/>\n<meta property=\"article:modified_time\" content=\"2026-05-08T13:23:53+00:00\" \/>\n<meta property=\"og:image\" content=\"https:\/\/www.profiforditas.hu\/_data\/VFS_311b4f8fb919aa09093d1244b9141497.png\" \/>\n<meta name=\"twitter:card\" content=\"summary_large_image\" \/>\n<meta name=\"twitter:label1\" content=\"Gesch\u00e4tzte Lesezeit\" \/>\n\t<meta name=\"twitter:data1\" content=\"7\u00a0Minuten\" \/>\n<script type=\"application\/ld+json\" class=\"yoast-schema-graph\">{\"@context\":\"https:\\\/\\\/schema.org\",\"@graph\":[{\"@type\":\"WebPage\",\"@id\":\"https:\\\/\\\/profiforditas.rk-sandbox.hu\\\/nehany-fontos-erv-mellettunk-szamokban\\\/\",\"url\":\"https:\\\/\\\/profiforditas.rk-sandbox.hu\\\/nehany-fontos-erv-mellettunk-szamokban\\\/\",\"name\":\"N\u00e9h\u00e1ny fontos \u00e9rv mellett\u00fcnk - sz\u00e1mokban! - Ford\u00edt\u00f3 iroda\",\"isPartOf\":{\"@id\":\"https:\\\/\\\/profiforditas.rk-sandbox.hu\\\/#website\"},\"primaryImageOfPage\":{\"@id\":\"https:\\\/\\\/profiforditas.rk-sandbox.hu\\\/nehany-fontos-erv-mellettunk-szamokban\\\/#primaryimage\"},\"image\":{\"@id\":\"https:\\\/\\\/profiforditas.rk-sandbox.hu\\\/nehany-fontos-erv-mellettunk-szamokban\\\/#primaryimage\"},\"thumbnailUrl\":\"https:\\\/\\\/www.profiforditas.hu\\\/_data\\\/VFS_311b4f8fb919aa09093d1244b9141497.png\",\"datePublished\":\"2026-05-08T13:22:56+00:00\",\"dateModified\":\"2026-05-08T13:23:53+00:00\",\"breadcrumb\":{\"@id\":\"https:\\\/\\\/profiforditas.rk-sandbox.hu\\\/nehany-fontos-erv-mellettunk-szamokban\\\/#breadcrumb\"},\"inLanguage\":\"de\",\"potentialAction\":[{\"@type\":\"ReadAction\",\"target\":[\"https:\\\/\\\/profiforditas.rk-sandbox.hu\\\/nehany-fontos-erv-mellettunk-szamokban\\\/\"]}]},{\"@type\":\"ImageObject\",\"inLanguage\":\"de\",\"@id\":\"https:\\\/\\\/profiforditas.rk-sandbox.hu\\\/nehany-fontos-erv-mellettunk-szamokban\\\/#primaryimage\",\"url\":\"https:\\\/\\\/www.profiforditas.hu\\\/_data\\\/VFS_311b4f8fb919aa09093d1244b9141497.png\",\"contentUrl\":\"https:\\\/\\\/www.profiforditas.hu\\\/_data\\\/VFS_311b4f8fb919aa09093d1244b9141497.png\"},{\"@type\":\"BreadcrumbList\",\"@id\":\"https:\\\/\\\/profiforditas.rk-sandbox.hu\\\/nehany-fontos-erv-mellettunk-szamokban\\\/#breadcrumb\",\"itemListElement\":[{\"@type\":\"ListItem\",\"position\":1,\"name\":\"Kezd\u0151lap\",\"item\":\"https:\\\/\\\/profiforditas.rk-sandbox.hu\\\/\"},{\"@type\":\"ListItem\",\"position\":2,\"name\":\"N\u00e9h\u00e1ny fontos \u00e9rv mellett\u00fcnk &#8211; sz\u00e1mokban!\"}]},{\"@type\":\"WebSite\",\"@id\":\"https:\\\/\\\/profiforditas.rk-sandbox.hu\\\/#website\",\"url\":\"https:\\\/\\\/profiforditas.rk-sandbox.hu\\\/\",\"name\":\"Ford\u00edt\u00f3 iroda\",\"description\":\"Profi ford\u00edt\u00e1sok gyorsan \u00e9s egyszer\u0171en!\",\"publisher\":{\"@id\":\"https:\\\/\\\/profiforditas.rk-sandbox.hu\\\/#organization\"},\"potentialAction\":[{\"@type\":\"SearchAction\",\"target\":{\"@type\":\"EntryPoint\",\"urlTemplate\":\"https:\\\/\\\/profiforditas.rk-sandbox.hu\\\/?s={search_term_string}\"},\"query-input\":{\"@type\":\"PropertyValueSpecification\",\"valueRequired\":true,\"valueName\":\"search_term_string\"}}],\"inLanguage\":\"de\"},{\"@type\":\"Organization\",\"@id\":\"https:\\\/\\\/profiforditas.rk-sandbox.hu\\\/#organization\",\"name\":\"Ford\u00edt\u00f3 iroda\",\"url\":\"https:\\\/\\\/profiforditas.rk-sandbox.hu\\\/\",\"logo\":{\"@type\":\"ImageObject\",\"inLanguage\":\"de\",\"@id\":\"https:\\\/\\\/profiforditas.rk-sandbox.hu\\\/#\\\/schema\\\/logo\\\/image\\\/\",\"url\":\"https:\\\/\\\/profiforditas.rk-sandbox.hu\\\/wp-content\\\/uploads\\\/2026\\\/05\\\/logo-1.webp\",\"contentUrl\":\"https:\\\/\\\/profiforditas.rk-sandbox.hu\\\/wp-content\\\/uploads\\\/2026\\\/05\\\/logo-1.webp\",\"width\":800,\"height\":177,\"caption\":\"Ford\u00edt\u00f3 iroda\"},\"image\":{\"@id\":\"https:\\\/\\\/profiforditas.rk-sandbox.hu\\\/#\\\/schema\\\/logo\\\/image\\\/\"}}]}<\/script>\n<!-- \/ Yoast SEO Premium plugin. -->","yoast_head_json":{"title":"N\u00e9h\u00e1ny fontos \u00e9rv mellett\u00fcnk - sz\u00e1mokban! - Ford\u00edt\u00f3 iroda","robots":{"index":"noindex","follow":"follow","max-snippet":"max-snippet:-1","max-image-preview":"max-image-preview:large","max-video-preview":"max-video-preview:-1"},"og_locale":"de_DE","og_type":"article","og_title":"N\u00e9h\u00e1ny fontos \u00e9rv mellett\u00fcnk - sz\u00e1mokban!","og_description":"Megb\u00edzhat\u00f3, rugalmas ford\u00edt\u00f3 irod\u00e1ra van sz\u00fcks\u00e9ge? Kik v\u00e9gzik a ford\u00edt\u00e1sokat? Mennyibe ker\u00fcl a ford\u00edt\u00e1s? Mennyi id\u0151 sz\u00fcks\u00e9ges a ford\u00edt\u00e1sra? Megv\u00e1laszoljuk [&hellip;]","og_url":"https:\/\/profiforditas.rk-sandbox.hu\/de\/nehany-fontos-erv-mellettunk-szamokban\/","og_site_name":"Ford\u00edt\u00f3 iroda","article_modified_time":"2026-05-08T13:23:53+00:00","og_image":[{"url":"https:\/\/www.profiforditas.hu\/_data\/VFS_311b4f8fb919aa09093d1244b9141497.png","type":"","width":"","height":""}],"twitter_card":"summary_large_image","twitter_misc":{"Gesch\u00e4tzte Lesezeit":"7\u00a0Minuten"},"schema":{"@context":"https:\/\/schema.org","@graph":[{"@type":"WebPage","@id":"https:\/\/profiforditas.rk-sandbox.hu\/nehany-fontos-erv-mellettunk-szamokban\/","url":"https:\/\/profiforditas.rk-sandbox.hu\/nehany-fontos-erv-mellettunk-szamokban\/","name":"N\u00e9h\u00e1ny fontos \u00e9rv mellett\u00fcnk - sz\u00e1mokban! - Ford\u00edt\u00f3 iroda","isPartOf":{"@id":"https:\/\/profiforditas.rk-sandbox.hu\/#website"},"primaryImageOfPage":{"@id":"https:\/\/profiforditas.rk-sandbox.hu\/nehany-fontos-erv-mellettunk-szamokban\/#primaryimage"},"image":{"@id":"https:\/\/profiforditas.rk-sandbox.hu\/nehany-fontos-erv-mellettunk-szamokban\/#primaryimage"},"thumbnailUrl":"https:\/\/www.profiforditas.hu\/_data\/VFS_311b4f8fb919aa09093d1244b9141497.png","datePublished":"2026-05-08T13:22:56+00:00","dateModified":"2026-05-08T13:23:53+00:00","breadcrumb":{"@id":"https:\/\/profiforditas.rk-sandbox.hu\/nehany-fontos-erv-mellettunk-szamokban\/#breadcrumb"},"inLanguage":"de","potentialAction":[{"@type":"ReadAction","target":["https:\/\/profiforditas.rk-sandbox.hu\/nehany-fontos-erv-mellettunk-szamokban\/"]}]},{"@type":"ImageObject","inLanguage":"de","@id":"https:\/\/profiforditas.rk-sandbox.hu\/nehany-fontos-erv-mellettunk-szamokban\/#primaryimage","url":"https:\/\/www.profiforditas.hu\/_data\/VFS_311b4f8fb919aa09093d1244b9141497.png","contentUrl":"https:\/\/www.profiforditas.hu\/_data\/VFS_311b4f8fb919aa09093d1244b9141497.png"},{"@type":"BreadcrumbList","@id":"https:\/\/profiforditas.rk-sandbox.hu\/nehany-fontos-erv-mellettunk-szamokban\/#breadcrumb","itemListElement":[{"@type":"ListItem","position":1,"name":"Kezd\u0151lap","item":"https:\/\/profiforditas.rk-sandbox.hu\/"},{"@type":"ListItem","position":2,"name":"N\u00e9h\u00e1ny fontos \u00e9rv mellett\u00fcnk &#8211; sz\u00e1mokban!"}]},{"@type":"WebSite","@id":"https:\/\/profiforditas.rk-sandbox.hu\/#website","url":"https:\/\/profiforditas.rk-sandbox.hu\/","name":"Ford\u00edt\u00f3 iroda","description":"Profi ford\u00edt\u00e1sok gyorsan \u00e9s egyszer\u0171en!","publisher":{"@id":"https:\/\/profiforditas.rk-sandbox.hu\/#organization"},"potentialAction":[{"@type":"SearchAction","target":{"@type":"EntryPoint","urlTemplate":"https:\/\/profiforditas.rk-sandbox.hu\/?s={search_term_string}"},"query-input":{"@type":"PropertyValueSpecification","valueRequired":true,"valueName":"search_term_string"}}],"inLanguage":"de"},{"@type":"Organization","@id":"https:\/\/profiforditas.rk-sandbox.hu\/#organization","name":"Ford\u00edt\u00f3 iroda","url":"https:\/\/profiforditas.rk-sandbox.hu\/","logo":{"@type":"ImageObject","inLanguage":"de","@id":"https:\/\/profiforditas.rk-sandbox.hu\/#\/schema\/logo\/image\/","url":"https:\/\/profiforditas.rk-sandbox.hu\/wp-content\/uploads\/2026\/05\/logo-1.webp","contentUrl":"https:\/\/profiforditas.rk-sandbox.hu\/wp-content\/uploads\/2026\/05\/logo-1.webp","width":800,"height":177,"caption":"Ford\u00edt\u00f3 iroda"},"image":{"@id":"https:\/\/profiforditas.rk-sandbox.hu\/#\/schema\/logo\/image\/"}}]}},"_links":{"self":[{"href":"https:\/\/profiforditas.rk-sandbox.hu\/de\/wp-json\/wp\/v2\/pages\/326","targetHints":{"allow":["GET"]}}],"collection":[{"href":"https:\/\/profiforditas.rk-sandbox.hu\/de\/wp-json\/wp\/v2\/pages"}],"about":[{"href":"https:\/\/profiforditas.rk-sandbox.hu\/de\/wp-json\/wp\/v2\/types\/page"}],"author":[{"embeddable":true,"href":"https:\/\/profiforditas.rk-sandbox.hu\/de\/wp-json\/wp\/v2\/users\/1"}],"replies":[{"embeddable":true,"href":"https:\/\/profiforditas.rk-sandbox.hu\/de\/wp-json\/wp\/v2\/comments?post=326"}],"version-history":[{"count":4,"href":"https:\/\/profiforditas.rk-sandbox.hu\/de\/wp-json\/wp\/v2\/pages\/326\/revisions"}],"predecessor-version":[{"id":333,"href":"https:\/\/profiforditas.rk-sandbox.hu\/de\/wp-json\/wp\/v2\/pages\/326\/revisions\/333"}],"wp:attachment":[{"href":"https:\/\/profiforditas.rk-sandbox.hu\/de\/wp-json\/wp\/v2\/media?parent=326"}],"curies":[{"name":"wp","href":"https:\/\/api.w.org\/{rel}","templated":true}]}}