{"id":272,"date":"2026-05-08T15:10:24","date_gmt":"2026-05-08T13:10:24","guid":{"rendered":"https:\/\/profiforditas.rk-sandbox.hu\/?page_id=272"},"modified":"2026-05-11T14:37:22","modified_gmt":"2026-05-11T12:37:22","slug":"lektoralas","status":"publish","type":"page","link":"https:\/\/profiforditas.rk-sandbox.hu\/de\/lektoralas\/","title":{"rendered":"Lektorierung"},"content":{"rendered":"<div data-elementor-type=\"wp-page\" data-elementor-id=\"272\" class=\"elementor elementor-272\" data-elementor-post-type=\"page\">\n\t\t\t\t<div class=\"elementor-element elementor-element-a278c18 e-flex e-con-boxed e-con e-parent\" data-id=\"a278c18\" data-element_type=\"container\" data-e-type=\"container\" data-settings=\"{&quot;background_background&quot;:&quot;gradient&quot;}\">\n\t\t\t\t\t<div class=\"e-con-inner\">\n\t\t<div class=\"elementor-element elementor-element-5f4eed6 e-con-full e-flex e-con e-child\" data-id=\"5f4eed6\" data-element_type=\"container\" data-e-type=\"container\">\n\t\t\t\t<div class=\"elementor-element elementor-element-401603a elementor-widget elementor-widget-image\" data-id=\"401603a\" data-element_type=\"widget\" data-e-type=\"widget\" data-widget_type=\"image.default\">\n\t\t\t\t\t\t\t\t\t\t\t\t\t\t\t<img fetchpriority=\"high\" decoding=\"async\" width=\"400\" height=\"254\" src=\"https:\/\/profiforditas.rk-sandbox.hu\/wp-content\/uploads\/2026\/05\/hero-german.webp\" class=\"attachment-large size-large wp-image-441\" alt=\"\" \/>\t\t\t\t\t\t\t\t\t\t\t\t\t\t\t<\/div>\n\t\t\t\t<\/div>\n\t\t<div class=\"elementor-element elementor-element-a8c30d6 e-con-full e-flex e-con e-child\" data-id=\"a8c30d6\" data-element_type=\"container\" data-e-type=\"container\">\n\t\t\t\t<div class=\"elementor-element elementor-element-42b385c elementor-widget elementor-widget-heading\" data-id=\"42b385c\" data-element_type=\"widget\" data-e-type=\"widget\" data-widget_type=\"heading.default\">\n\t\t\t\t\t<h1 class=\"elementor-heading-title elementor-size-default\">Lektorierung<\/h1>\t\t\t\t<\/div>\n\t\t\t\t<div class=\"elementor-element elementor-element-f390266 elementor-widget elementor-widget-text-editor\" data-id=\"f390266\" data-element_type=\"widget\" data-e-type=\"widget\" data-widget_type=\"text-editor.default\">\n\t\t\t\t\t\t\t\t\t<p>\"Die Schrift kann nur dann ihre Funktion erf\u00fcllen, wenn sie den Gedanken so treu dolmetscht wie das pr\u00e4zise, entschlossene lebende Wort. Eine Sicherheit der Eindeutigkeit der schriftlichen \u00dcbermittlung der Gedanken ist die einwandfreie Rechtschreibung.\" - Gyula Szemere<\/p>\t\t\t\t\t\t\t\t<\/div>\n\t\t\t\t<\/div>\n\t\t\t\t\t<\/div>\n\t\t\t\t<\/div>\n\t\t<div class=\"elementor-element elementor-element-89663b7 e-flex e-con-boxed e-con e-parent\" data-id=\"89663b7\" data-element_type=\"container\" data-e-type=\"container\">\n\t\t\t\t\t<div class=\"e-con-inner\">\n\t\t\t\t<div class=\"elementor-element elementor-element-e8006ef elementor-widget elementor-widget-heading\" data-id=\"e8006ef\" data-element_type=\"widget\" data-e-type=\"widget\" data-widget_type=\"heading.default\">\n\t\t\t\t\t<h3 class=\"elementor-heading-title elementor-size-default\">M\u00f6chten Sie eine schon vorhandene \u00dcbersetzung kontrollieren, lektorieren lassen?<\/h3>\t\t\t\t<\/div>\n\t\t\t\t<div class=\"elementor-element elementor-element-e8a0233 elementor-widget elementor-widget-text-editor\" data-id=\"e8a0233\" data-element_type=\"widget\" data-e-type=\"widget\" data-widget_type=\"text-editor.default\">\n\t\t\t\t\t\t\t\t\t<p><img decoding=\"async\" src=\"https:\/\/www.profiforditas.hu\/_data\/VFS_311b4f8fb919aa09093d1244b9141497.png\" alt=\"lektor\u00e1l\u00e1s\" width=\"16\" height=\"16\" \/>\u00a0Wir lassen die in eine Fremdsprache \u00fcbersetzten beruflichen Texte auf den Wunsch des Auftraggebers von unseren Lektoren lektorieren, d.h. sie werden aus der Hinsicht der Sprachrichtigkeit und\/oder beruflich bzw. stilistisch kontrolliert. So erh\u00e4lt die \u00dcbersetzung eine einheitliche Struktur, Stillart und Sprache. Nach der Lektorierung erh\u00e4lt unser Kunde das korrigierte Dokument.<\/p><p class=\"translation-block\">Das fremdsprachige Lektorat erfordert Sprachkenntnisse auf h\u00f6chstem Niveau.<br>Eines der beliebtesten Beispiele ist das Lektorat der fremdsprachigen Version einer bereits fertiggestellten Website. Ein Bekannter oder ein naher Verwandter hat sie \u00fcbersetzt \u2013 nehmen wir an, ziemlich gut \u2013, hat jedoch bei ein oder zwei W\u00f6rtern nicht die passende Wortwahl getroffen, ein oder zwei Rechtschreibfehler gemacht und an einigen Stellen \u2013 aus der Sicht eines Ausl\u00e4nders betrachtet \u2013 interessante Satzstrukturen gebildet.<\/p><p><img decoding=\"async\" src=\"https:\/\/www.profiforditas.hu\/_data\/VFS_311b4f8fb919aa09093d1244b9141497.png\" alt=\"ford\u00edt\u00e1s ellen\u0151rz\u00e9s\" width=\"16\" height=\"16\" \/>\u00a0Mit unserer Hilfe kann Ihre englische \/ deutsche \/ franz\u00f6sische ... (usw. und hier k\u00f6nnten noch 30 verschiedene Fremdsprachen angegeben werden) Website f\u00fcr die ausl\u00e4ndischen Besucher wie die ungarische Version f\u00fcr die heimischen Besucher ein Komfortgef\u00fchl leisten!<\/p><p>Wenn Sie Ihre fremdsprachlichen \u00f6ffentlichen Plattformen (Website, Katalog, Vorstellungsbrief) auch von einem Fachmann kontrollieren lassen m\u00f6chten, senden Sie uns eine Anfrage mit Bezug auf unsere Lektorierungsleistung!<\/p>\t\t\t\t\t\t\t\t<\/div>\n\t\t\t\t\t<\/div>\n\t\t\t\t<\/div>\n\t\t\t\t<\/div>","protected":false},"excerpt":{"rendered":"<p>Lektor\u00e1l\u00e1s &#8222;Az \u00edr\u00e1s csak akkor t\u00f6ltheti be rendeltet\u00e9s\u00e9t, ha \u00e9ppoly h\u00edven tolm\u00e1csolja a gondolatot, mint a szabatos, talpraesett \u00e9l\u0151sz\u00f3. Az [&hellip;]<\/p>\n","protected":false},"author":1,"featured_media":0,"parent":0,"menu_order":0,"comment_status":"closed","ping_status":"closed","template":"","meta":{"_acf_changed":false,"site-sidebar-layout":"no-sidebar","site-content-layout":"","ast-site-content-layout":"full-width-container","site-content-style":"default","site-sidebar-style":"default","ast-global-header-display":"","ast-banner-title-visibility":"","ast-main-header-display":"","ast-hfb-above-header-display":"","ast-hfb-below-header-display":"","ast-hfb-mobile-header-display":"","site-post-title":"disabled","ast-breadcrumbs-content":"","ast-featured-img":"disabled","footer-sml-layout":"","ast-disable-related-posts":"","theme-transparent-header-meta":"","adv-header-id-meta":"","stick-header-meta":"","header-above-stick-meta":"","header-main-stick-meta":"","header-below-stick-meta":"","astra-migrate-meta-layouts":"default","ast-page-background-enabled":"default","ast-page-background-meta":{"desktop":{"background-color":"var(--ast-global-color-5)","background-image":"","background-repeat":"repeat","background-position":"center center","background-size":"auto","background-attachment":"scroll","background-type":"","background-media":"","overlay-type":"","overlay-color":"","overlay-opacity":"","overlay-gradient":""},"tablet":{"background-color":"","background-image":"","background-repeat":"repeat","background-position":"center center","background-size":"auto","background-attachment":"scroll","background-type":"","background-media":"","overlay-type":"","overlay-color":"","overlay-opacity":"","overlay-gradient":""},"mobile":{"background-color":"","background-image":"","background-repeat":"repeat","background-position":"center center","background-size":"auto","background-attachment":"scroll","background-type":"","background-media":"","overlay-type":"","overlay-color":"","overlay-opacity":"","overlay-gradient":""}},"ast-content-background-meta":{"desktop":{"background-color":"var(--ast-global-color-4)","background-image":"","background-repeat":"repeat","background-position":"center center","background-size":"auto","background-attachment":"scroll","background-type":"","background-media":"","overlay-type":"","overlay-color":"","overlay-opacity":"","overlay-gradient":""},"tablet":{"background-color":"var(--ast-global-color-4)","background-image":"","background-repeat":"repeat","background-position":"center center","background-size":"auto","background-attachment":"scroll","background-type":"","background-media":"","overlay-type":"","overlay-color":"","overlay-opacity":"","overlay-gradient":""},"mobile":{"background-color":"var(--ast-global-color-4)","background-image":"","background-repeat":"repeat","background-position":"center center","background-size":"auto","background-attachment":"scroll","background-type":"","background-media":"","overlay-type":"","overlay-color":"","overlay-opacity":"","overlay-gradient":""}},"footnotes":""},"class_list":["post-272","page","type-page","status-publish","hentry"],"acf":[],"yoast_head":"<!-- This site is optimized with the Yoast SEO Premium plugin v27.5 (Yoast SEO v27.5) - https:\/\/yoast.com\/product\/yoast-seo-premium-wordpress\/ -->\n<title>Lektor\u00e1l\u00e1s - Ford\u00edt\u00f3 iroda<\/title>\n<meta name=\"description\" content=\"Az idegen nyelvre leford\u00edtott szakmai sz\u00f6vegeket a megb\u00edz\u00f3 k\u00e9r\u00e9s\u00e9re lektor\u00e1ljuk, azaz nyelvhelyess\u00e9gi \u00e9s\/vagy szakmai, illetve stilisztikai ellen\u0151rz\u00e9s al\u00e1 vetj\u00fck. \u00cdgy a ford\u00edt\u00e1s egys\u00e9ges szerkezetet, st\u00edlust \u00e9s nyelvezetet nyer.\" \/>\n<meta name=\"robots\" content=\"noindex, follow, max-snippet:-1, max-image-preview:large, max-video-preview:-1\" \/>\n<meta property=\"og:locale\" content=\"de_DE\" \/>\n<meta property=\"og:type\" content=\"article\" \/>\n<meta property=\"og:title\" content=\"Lektor\u00e1l\u00e1s\" \/>\n<meta property=\"og:description\" content=\"Az idegen nyelvre leford\u00edtott szakmai sz\u00f6vegeket a megb\u00edz\u00f3 k\u00e9r\u00e9s\u00e9re lektor\u00e1ljuk, azaz nyelvhelyess\u00e9gi \u00e9s\/vagy szakmai, illetve stilisztikai ellen\u0151rz\u00e9s al\u00e1 vetj\u00fck. \u00cdgy a ford\u00edt\u00e1s egys\u00e9ges szerkezetet, st\u00edlust \u00e9s nyelvezetet nyer.\" \/>\n<meta property=\"og:url\" content=\"https:\/\/profiforditas.rk-sandbox.hu\/de\/lektoralas\/\" \/>\n<meta property=\"og:site_name\" content=\"Ford\u00edt\u00f3 iroda\" \/>\n<meta property=\"article:modified_time\" content=\"2026-05-11T12:37:22+00:00\" \/>\n<meta property=\"og:image\" content=\"https:\/\/profiforditas.rk-sandbox.hu\/wp-content\/uploads\/2026\/05\/hero-1.webp\" \/>\n<meta name=\"twitter:card\" content=\"summary_large_image\" \/>\n<script type=\"application\/ld+json\" class=\"yoast-schema-graph\">{\"@context\":\"https:\\\/\\\/schema.org\",\"@graph\":[{\"@type\":\"WebPage\",\"@id\":\"https:\\\/\\\/profiforditas.rk-sandbox.hu\\\/lektoralas\\\/\",\"url\":\"https:\\\/\\\/profiforditas.rk-sandbox.hu\\\/lektoralas\\\/\",\"name\":\"Lektor\u00e1l\u00e1s - Ford\u00edt\u00f3 iroda\",\"isPartOf\":{\"@id\":\"https:\\\/\\\/profiforditas.rk-sandbox.hu\\\/#website\"},\"primaryImageOfPage\":{\"@id\":\"https:\\\/\\\/profiforditas.rk-sandbox.hu\\\/lektoralas\\\/#primaryimage\"},\"image\":{\"@id\":\"https:\\\/\\\/profiforditas.rk-sandbox.hu\\\/lektoralas\\\/#primaryimage\"},\"thumbnailUrl\":\"https:\\\/\\\/profiforditas.rk-sandbox.hu\\\/wp-content\\\/uploads\\\/2026\\\/05\\\/hero-1.webp\",\"datePublished\":\"2026-05-08T13:10:24+00:00\",\"dateModified\":\"2026-05-11T12:37:22+00:00\",\"description\":\"Az idegen nyelvre leford\u00edtott szakmai sz\u00f6vegeket a megb\u00edz\u00f3 k\u00e9r\u00e9s\u00e9re lektor\u00e1ljuk, azaz nyelvhelyess\u00e9gi \u00e9s\\\/vagy szakmai, illetve stilisztikai ellen\u0151rz\u00e9s al\u00e1 vetj\u00fck. \u00cdgy a ford\u00edt\u00e1s egys\u00e9ges szerkezetet, st\u00edlust \u00e9s nyelvezetet nyer.\",\"breadcrumb\":{\"@id\":\"https:\\\/\\\/profiforditas.rk-sandbox.hu\\\/lektoralas\\\/#breadcrumb\"},\"inLanguage\":\"de\",\"potentialAction\":[{\"@type\":\"ReadAction\",\"target\":[\"https:\\\/\\\/profiforditas.rk-sandbox.hu\\\/lektoralas\\\/\"]}]},{\"@type\":\"ImageObject\",\"inLanguage\":\"de\",\"@id\":\"https:\\\/\\\/profiforditas.rk-sandbox.hu\\\/lektoralas\\\/#primaryimage\",\"url\":\"https:\\\/\\\/profiforditas.rk-sandbox.hu\\\/wp-content\\\/uploads\\\/2026\\\/05\\\/hero-1.webp\",\"contentUrl\":\"https:\\\/\\\/profiforditas.rk-sandbox.hu\\\/wp-content\\\/uploads\\\/2026\\\/05\\\/hero-1.webp\"},{\"@type\":\"BreadcrumbList\",\"@id\":\"https:\\\/\\\/profiforditas.rk-sandbox.hu\\\/lektoralas\\\/#breadcrumb\",\"itemListElement\":[{\"@type\":\"ListItem\",\"position\":1,\"name\":\"Kezd\u0151lap\",\"item\":\"https:\\\/\\\/profiforditas.rk-sandbox.hu\\\/\"},{\"@type\":\"ListItem\",\"position\":2,\"name\":\"Lektor\u00e1l\u00e1s\"}]},{\"@type\":\"WebSite\",\"@id\":\"https:\\\/\\\/profiforditas.rk-sandbox.hu\\\/#website\",\"url\":\"https:\\\/\\\/profiforditas.rk-sandbox.hu\\\/\",\"name\":\"Ford\u00edt\u00f3 iroda\",\"description\":\"Profi ford\u00edt\u00e1sok gyorsan \u00e9s egyszer\u0171en!\",\"publisher\":{\"@id\":\"https:\\\/\\\/profiforditas.rk-sandbox.hu\\\/#organization\"},\"potentialAction\":[{\"@type\":\"SearchAction\",\"target\":{\"@type\":\"EntryPoint\",\"urlTemplate\":\"https:\\\/\\\/profiforditas.rk-sandbox.hu\\\/?s={search_term_string}\"},\"query-input\":{\"@type\":\"PropertyValueSpecification\",\"valueRequired\":true,\"valueName\":\"search_term_string\"}}],\"inLanguage\":\"de\"},{\"@type\":\"Organization\",\"@id\":\"https:\\\/\\\/profiforditas.rk-sandbox.hu\\\/#organization\",\"name\":\"Ford\u00edt\u00f3 iroda\",\"url\":\"https:\\\/\\\/profiforditas.rk-sandbox.hu\\\/\",\"logo\":{\"@type\":\"ImageObject\",\"inLanguage\":\"de\",\"@id\":\"https:\\\/\\\/profiforditas.rk-sandbox.hu\\\/#\\\/schema\\\/logo\\\/image\\\/\",\"url\":\"https:\\\/\\\/profiforditas.rk-sandbox.hu\\\/wp-content\\\/uploads\\\/2026\\\/05\\\/logo-1.webp\",\"contentUrl\":\"https:\\\/\\\/profiforditas.rk-sandbox.hu\\\/wp-content\\\/uploads\\\/2026\\\/05\\\/logo-1.webp\",\"width\":800,\"height\":177,\"caption\":\"Ford\u00edt\u00f3 iroda\"},\"image\":{\"@id\":\"https:\\\/\\\/profiforditas.rk-sandbox.hu\\\/#\\\/schema\\\/logo\\\/image\\\/\"}}]}<\/script>\n<!-- \/ Yoast SEO Premium plugin. -->","yoast_head_json":{"title":"Lektor\u00e1l\u00e1s - Ford\u00edt\u00f3 iroda","description":"Az idegen nyelvre leford\u00edtott szakmai sz\u00f6vegeket a megb\u00edz\u00f3 k\u00e9r\u00e9s\u00e9re lektor\u00e1ljuk, azaz nyelvhelyess\u00e9gi \u00e9s\/vagy szakmai, illetve stilisztikai ellen\u0151rz\u00e9s al\u00e1 vetj\u00fck. \u00cdgy a ford\u00edt\u00e1s egys\u00e9ges szerkezetet, st\u00edlust \u00e9s nyelvezetet nyer.","robots":{"index":"noindex","follow":"follow","max-snippet":"max-snippet:-1","max-image-preview":"max-image-preview:large","max-video-preview":"max-video-preview:-1"},"og_locale":"de_DE","og_type":"article","og_title":"Lektor\u00e1l\u00e1s","og_description":"Az idegen nyelvre leford\u00edtott szakmai sz\u00f6vegeket a megb\u00edz\u00f3 k\u00e9r\u00e9s\u00e9re lektor\u00e1ljuk, azaz nyelvhelyess\u00e9gi \u00e9s\/vagy szakmai, illetve stilisztikai ellen\u0151rz\u00e9s al\u00e1 vetj\u00fck. \u00cdgy a ford\u00edt\u00e1s egys\u00e9ges szerkezetet, st\u00edlust \u00e9s nyelvezetet nyer.","og_url":"https:\/\/profiforditas.rk-sandbox.hu\/de\/lektoralas\/","og_site_name":"Ford\u00edt\u00f3 iroda","article_modified_time":"2026-05-11T12:37:22+00:00","og_image":[{"url":"https:\/\/profiforditas.rk-sandbox.hu\/wp-content\/uploads\/2026\/05\/hero-1.webp","type":"","width":"","height":""}],"twitter_card":"summary_large_image","schema":{"@context":"https:\/\/schema.org","@graph":[{"@type":"WebPage","@id":"https:\/\/profiforditas.rk-sandbox.hu\/lektoralas\/","url":"https:\/\/profiforditas.rk-sandbox.hu\/lektoralas\/","name":"Lektor\u00e1l\u00e1s - Ford\u00edt\u00f3 iroda","isPartOf":{"@id":"https:\/\/profiforditas.rk-sandbox.hu\/#website"},"primaryImageOfPage":{"@id":"https:\/\/profiforditas.rk-sandbox.hu\/lektoralas\/#primaryimage"},"image":{"@id":"https:\/\/profiforditas.rk-sandbox.hu\/lektoralas\/#primaryimage"},"thumbnailUrl":"https:\/\/profiforditas.rk-sandbox.hu\/wp-content\/uploads\/2026\/05\/hero-1.webp","datePublished":"2026-05-08T13:10:24+00:00","dateModified":"2026-05-11T12:37:22+00:00","description":"Az idegen nyelvre leford\u00edtott szakmai sz\u00f6vegeket a megb\u00edz\u00f3 k\u00e9r\u00e9s\u00e9re lektor\u00e1ljuk, azaz nyelvhelyess\u00e9gi \u00e9s\/vagy szakmai, illetve stilisztikai ellen\u0151rz\u00e9s al\u00e1 vetj\u00fck. \u00cdgy a ford\u00edt\u00e1s egys\u00e9ges szerkezetet, st\u00edlust \u00e9s nyelvezetet nyer.","breadcrumb":{"@id":"https:\/\/profiforditas.rk-sandbox.hu\/lektoralas\/#breadcrumb"},"inLanguage":"de","potentialAction":[{"@type":"ReadAction","target":["https:\/\/profiforditas.rk-sandbox.hu\/lektoralas\/"]}]},{"@type":"ImageObject","inLanguage":"de","@id":"https:\/\/profiforditas.rk-sandbox.hu\/lektoralas\/#primaryimage","url":"https:\/\/profiforditas.rk-sandbox.hu\/wp-content\/uploads\/2026\/05\/hero-1.webp","contentUrl":"https:\/\/profiforditas.rk-sandbox.hu\/wp-content\/uploads\/2026\/05\/hero-1.webp"},{"@type":"BreadcrumbList","@id":"https:\/\/profiforditas.rk-sandbox.hu\/lektoralas\/#breadcrumb","itemListElement":[{"@type":"ListItem","position":1,"name":"Kezd\u0151lap","item":"https:\/\/profiforditas.rk-sandbox.hu\/"},{"@type":"ListItem","position":2,"name":"Lektor\u00e1l\u00e1s"}]},{"@type":"WebSite","@id":"https:\/\/profiforditas.rk-sandbox.hu\/#website","url":"https:\/\/profiforditas.rk-sandbox.hu\/","name":"Ford\u00edt\u00f3 iroda","description":"Profi ford\u00edt\u00e1sok gyorsan \u00e9s egyszer\u0171en!","publisher":{"@id":"https:\/\/profiforditas.rk-sandbox.hu\/#organization"},"potentialAction":[{"@type":"SearchAction","target":{"@type":"EntryPoint","urlTemplate":"https:\/\/profiforditas.rk-sandbox.hu\/?s={search_term_string}"},"query-input":{"@type":"PropertyValueSpecification","valueRequired":true,"valueName":"search_term_string"}}],"inLanguage":"de"},{"@type":"Organization","@id":"https:\/\/profiforditas.rk-sandbox.hu\/#organization","name":"Ford\u00edt\u00f3 iroda","url":"https:\/\/profiforditas.rk-sandbox.hu\/","logo":{"@type":"ImageObject","inLanguage":"de","@id":"https:\/\/profiforditas.rk-sandbox.hu\/#\/schema\/logo\/image\/","url":"https:\/\/profiforditas.rk-sandbox.hu\/wp-content\/uploads\/2026\/05\/logo-1.webp","contentUrl":"https:\/\/profiforditas.rk-sandbox.hu\/wp-content\/uploads\/2026\/05\/logo-1.webp","width":800,"height":177,"caption":"Ford\u00edt\u00f3 iroda"},"image":{"@id":"https:\/\/profiforditas.rk-sandbox.hu\/#\/schema\/logo\/image\/"}}]}},"_links":{"self":[{"href":"https:\/\/profiforditas.rk-sandbox.hu\/de\/wp-json\/wp\/v2\/pages\/272","targetHints":{"allow":["GET"]}}],"collection":[{"href":"https:\/\/profiforditas.rk-sandbox.hu\/de\/wp-json\/wp\/v2\/pages"}],"about":[{"href":"https:\/\/profiforditas.rk-sandbox.hu\/de\/wp-json\/wp\/v2\/types\/page"}],"author":[{"embeddable":true,"href":"https:\/\/profiforditas.rk-sandbox.hu\/de\/wp-json\/wp\/v2\/users\/1"}],"replies":[{"embeddable":true,"href":"https:\/\/profiforditas.rk-sandbox.hu\/de\/wp-json\/wp\/v2\/comments?post=272"}],"version-history":[{"count":13,"href":"https:\/\/profiforditas.rk-sandbox.hu\/de\/wp-json\/wp\/v2\/pages\/272\/revisions"}],"predecessor-version":[{"id":456,"href":"https:\/\/profiforditas.rk-sandbox.hu\/de\/wp-json\/wp\/v2\/pages\/272\/revisions\/456"}],"wp:attachment":[{"href":"https:\/\/profiforditas.rk-sandbox.hu\/de\/wp-json\/wp\/v2\/media?parent=272"}],"curies":[{"name":"wp","href":"https:\/\/api.w.org\/{rel}","templated":true}]}}